{"id":46996,"date":"2023-06-22T19:32:17","date_gmt":"2023-06-22T17:32:17","guid":{"rendered":"https:\/\/chmedica.ch\/prodotto\/armoire-4-portes-verre-tempere\/"},"modified":"2024-01-02T16:40:21","modified_gmt":"2024-01-02T15:40:21","slug":"armoire-4-portes-verre-tempere","status":"publish","type":"product","link":"https:\/\/chmedica.ch\/fr\/produit\/armoire-4-portes-verre-tempere\/","title":{"rendered":"ARMOIRE &#8211; 4 portes &#8211; verre temp\u00e9r\u00e9"},"content":{"rendered":"<p>\u2022 Portes: 4<br \/>\n\u2022 Etag\u00e8res r\u00e9glables: 2<br \/>\n\u2022 Poids: 45 kg<br \/>\n\u2022 Dimensions: 75 x 38 x h 169 cm<\/p>\n","protected":false},"excerpt":{"rendered":"<p>Armoire avec structure en t\u00f4les d\u2019acier rev\u00eatue d\u2019\u00e9poxy et verre tremp\u00e9.<br \/>\nRayons d\u2019\u00e9tag\u00e8re r\u00e9glables en verre.<br \/>\nPieds en caoutchouc.<\/p>\n","protected":false},"featured_media":46990,"template":"","meta":{"_acf_changed":false},"product_brand":[],"product_cat":[1928,1422],"product_tag":[],"class_list":{"0":"post-46996","1":"product","2":"type-product","3":"status-publish","4":"has-post-thumbnail","6":"product_cat-vitrines-et-armoires-peintes","7":"product_cat-vitrines-armoires-et-tables","9":"first","10":"onbackorder","11":"taxable","12":"shipping-taxable","13":"purchasable","14":"product-type-simple"},"acf":{"fornitore":"GIMA","standard_accessori":"","unita_misura":"1 pz."},"_links":{"self":[{"href":"https:\/\/chmedica.ch\/fr\/wp-json\/wp\/v2\/product\/46996","targetHints":{"allow":["GET"]}}],"collection":[{"href":"https:\/\/chmedica.ch\/fr\/wp-json\/wp\/v2\/product"}],"about":[{"href":"https:\/\/chmedica.ch\/fr\/wp-json\/wp\/v2\/types\/product"}],"wp:featuredmedia":[{"embeddable":true,"href":"https:\/\/chmedica.ch\/fr\/wp-json\/wp\/v2\/media\/46990"}],"wp:attachment":[{"href":"https:\/\/chmedica.ch\/fr\/wp-json\/wp\/v2\/media?parent=46996"}],"wp:term":[{"taxonomy":"product_brand","embeddable":true,"href":"https:\/\/chmedica.ch\/fr\/wp-json\/wp\/v2\/product_brand?post=46996"},{"taxonomy":"product_cat","embeddable":true,"href":"https:\/\/chmedica.ch\/fr\/wp-json\/wp\/v2\/product_cat?post=46996"},{"taxonomy":"product_tag","embeddable":true,"href":"https:\/\/chmedica.ch\/fr\/wp-json\/wp\/v2\/product_tag?post=46996"}],"curies":[{"name":"wp","href":"https:\/\/api.w.org\/{rel}","templated":true}]}}