{"id":46978,"date":"2023-06-22T19:32:06","date_gmt":"2023-06-22T17:32:06","guid":{"rendered":"https:\/\/chmedica.ch\/prodotto\/armoire-1-porte-verre-tempere\/"},"modified":"2024-01-02T16:40:08","modified_gmt":"2024-01-02T15:40:08","slug":"armoire-1-porte-verre-tempere","status":"publish","type":"product","link":"https:\/\/chmedica.ch\/fr\/produit\/armoire-1-porte-verre-tempere\/","title":{"rendered":"ARMOIRE &#8211; 1 porte &#8211; verre temp\u00e9r\u00e9"},"content":{"rendered":"<p>\u2022 Porte: 1<br \/>\n\u2022 Etag\u00e8res r\u00e9glables: 3<br \/>\n\u2022 Poids: 30 kg<br \/>\n\u2022 Dimensions: 53 x 36 x h 144 cm<\/p>\n","protected":false},"excerpt":{"rendered":"<p>Armoire avec structure en t\u00f4les d\u2019acier rev\u00eatue d\u2019\u00e9poxy et verre tremp\u00e9.<br \/>\nRayons d\u2019\u00e9tag\u00e8re r\u00e9glables en verre.<br \/>\nPieds en caoutchouc.<\/p>\n","protected":false},"featured_media":46972,"template":"","meta":{"_acf_changed":false},"product_brand":[],"product_cat":[1928,1422],"product_tag":[],"class_list":{"0":"post-46978","1":"product","2":"type-product","3":"status-publish","4":"has-post-thumbnail","6":"product_cat-vitrines-et-armoires-peintes","7":"product_cat-vitrines-armoires-et-tables","9":"first","10":"onbackorder","11":"taxable","12":"shipping-taxable","13":"purchasable","14":"product-type-simple"},"acf":{"fornitore":"GIMA","standard_accessori":"","unita_misura":"1 pz."},"_links":{"self":[{"href":"https:\/\/chmedica.ch\/fr\/wp-json\/wp\/v2\/product\/46978","targetHints":{"allow":["GET"]}}],"collection":[{"href":"https:\/\/chmedica.ch\/fr\/wp-json\/wp\/v2\/product"}],"about":[{"href":"https:\/\/chmedica.ch\/fr\/wp-json\/wp\/v2\/types\/product"}],"wp:featuredmedia":[{"embeddable":true,"href":"https:\/\/chmedica.ch\/fr\/wp-json\/wp\/v2\/media\/46972"}],"wp:attachment":[{"href":"https:\/\/chmedica.ch\/fr\/wp-json\/wp\/v2\/media?parent=46978"}],"wp:term":[{"taxonomy":"product_brand","embeddable":true,"href":"https:\/\/chmedica.ch\/fr\/wp-json\/wp\/v2\/product_brand?post=46978"},{"taxonomy":"product_cat","embeddable":true,"href":"https:\/\/chmedica.ch\/fr\/wp-json\/wp\/v2\/product_cat?post=46978"},{"taxonomy":"product_tag","embeddable":true,"href":"https:\/\/chmedica.ch\/fr\/wp-json\/wp\/v2\/product_tag?post=46978"}],"curies":[{"name":"wp","href":"https:\/\/api.w.org\/{rel}","templated":true}]}}