{"id":46969,"date":"2023-06-22T19:31:59","date_gmt":"2023-06-22T17:31:59","guid":{"rendered":"https:\/\/chmedica.ch\/prodotto\/armoire-value-4-portes-verre-tempere\/"},"modified":"2024-01-02T16:40:02","modified_gmt":"2024-01-02T15:40:02","slug":"armoire-value-4-portes-verre-tempere","status":"publish","type":"product","link":"https:\/\/chmedica.ch\/fr\/produit\/armoire-value-4-portes-verre-tempere\/","title":{"rendered":"ARMOIRE VALUE &#8211; 4 portes &#8211; verre temp\u00e9r\u00e9"},"content":{"rendered":"","protected":false},"excerpt":{"rendered":"<p>ARMOIRE VALUE &#8211; 4 portes (charni\u00e8re)<\/p>\n<p>Armoires en t\u00f4le d\u2019acier \u00e9maill\u00e9 avec deux compartiments superpos\u00e9s. Le compartiment sup\u00e9rieur pr\u00e9sente 2 portes \u00e0 charni\u00e8re en verre tremp\u00e9, serrure avec cl\u00e9 et 2 \u00e9tag\u00e8res en acier inoxydable r\u00e9glables en hauteur. Le compartiment inf\u00e9rieur a 2 portes \u00e0 charni\u00e8re en plaque d\u2019acier \u00e9maill\u00e9 et 1 \u00e9tag\u00e8re en t\u00f4le d\u2019acier \u00e9maill\u00e9.<br \/>\nLivr\u00e9es en kit.<\/p>\n<p>Dimensions: 75 x 37 x 164 cm<br \/>\nEmballage: 72 x 24 x 156 cm<br \/>\nPoids: 50 kg<\/p>\n","protected":false},"featured_media":46963,"template":"","meta":{"_acf_changed":false},"product_brand":[],"product_cat":[958,1422],"product_tag":[],"class_list":{"0":"post-46969","1":"product","2":"type-product","3":"status-publish","4":"has-post-thumbnail","6":"product_cat-meubles-medicaux","7":"product_cat-vitrines-armoires-et-tables","9":"first","10":"onbackorder","11":"taxable","12":"shipping-taxable","13":"purchasable","14":"product-type-simple"},"acf":{"fornitore":"GIMA","standard_accessori":"","unita_misura":"1 pz."},"_links":{"self":[{"href":"https:\/\/chmedica.ch\/fr\/wp-json\/wp\/v2\/product\/46969","targetHints":{"allow":["GET"]}}],"collection":[{"href":"https:\/\/chmedica.ch\/fr\/wp-json\/wp\/v2\/product"}],"about":[{"href":"https:\/\/chmedica.ch\/fr\/wp-json\/wp\/v2\/types\/product"}],"wp:featuredmedia":[{"embeddable":true,"href":"https:\/\/chmedica.ch\/fr\/wp-json\/wp\/v2\/media\/46963"}],"wp:attachment":[{"href":"https:\/\/chmedica.ch\/fr\/wp-json\/wp\/v2\/media?parent=46969"}],"wp:term":[{"taxonomy":"product_brand","embeddable":true,"href":"https:\/\/chmedica.ch\/fr\/wp-json\/wp\/v2\/product_brand?post=46969"},{"taxonomy":"product_cat","embeddable":true,"href":"https:\/\/chmedica.ch\/fr\/wp-json\/wp\/v2\/product_cat?post=46969"},{"taxonomy":"product_tag","embeddable":true,"href":"https:\/\/chmedica.ch\/fr\/wp-json\/wp\/v2\/product_tag?post=46969"}],"curies":[{"name":"wp","href":"https:\/\/api.w.org\/{rel}","templated":true}]}}