{"id":46951,"date":"2023-06-22T19:31:50","date_gmt":"2023-06-22T17:31:50","guid":{"rendered":"https:\/\/chmedica.ch\/prodotto\/armoire-value-1-porte-verre-tempere\/"},"modified":"2024-01-02T16:39:50","modified_gmt":"2024-01-02T15:39:50","slug":"armoire-value-1-porte-verre-tempere","status":"publish","type":"product","link":"https:\/\/chmedica.ch\/fr\/produit\/armoire-value-1-porte-verre-tempere\/","title":{"rendered":"ARMOIRE VALUE &#8211; 1 porte &#8211; verre temp\u00e9r\u00e9"},"content":{"rendered":"<p>0<\/p>\n","protected":false},"excerpt":{"rendered":"<p>ARMOIRE VALUE &#8211; 1 porte<\/p>\n<p>Armoire en t\u00f4le d\u2019acier \u00e9maill\u00e9 avec porte en verre tremp\u00e9.<br \/>\nPorte en verre \u00e0 charni\u00e8re avec serrure et cl\u00e9.<br \/>\nTrois \u00e9tag\u00e8res en acier inoxydable r\u00e9glables en hauteur.<br \/>\nLivr\u00e9es en kit.<\/p>\n<p>\u2022 Dimensions: 52 x 35 x 138 cm<br \/>\n\u2022 Emballage: 65 x 26 x 134 cm<br \/>\n\u2022 Poids: 31 kg<\/p>\n","protected":false},"featured_media":46945,"template":"","meta":{"_acf_changed":false},"product_brand":[],"product_cat":[958,1422],"product_tag":[],"class_list":{"0":"post-46951","1":"product","2":"type-product","3":"status-publish","4":"has-post-thumbnail","6":"product_cat-meubles-medicaux","7":"product_cat-vitrines-armoires-et-tables","9":"first","10":"onbackorder","11":"taxable","12":"shipping-taxable","13":"purchasable","14":"product-type-simple"},"acf":{"fornitore":"GIMA","standard_accessori":"","unita_misura":"1 pz."},"_links":{"self":[{"href":"https:\/\/chmedica.ch\/fr\/wp-json\/wp\/v2\/product\/46951","targetHints":{"allow":["GET"]}}],"collection":[{"href":"https:\/\/chmedica.ch\/fr\/wp-json\/wp\/v2\/product"}],"about":[{"href":"https:\/\/chmedica.ch\/fr\/wp-json\/wp\/v2\/types\/product"}],"wp:featuredmedia":[{"embeddable":true,"href":"https:\/\/chmedica.ch\/fr\/wp-json\/wp\/v2\/media\/46945"}],"wp:attachment":[{"href":"https:\/\/chmedica.ch\/fr\/wp-json\/wp\/v2\/media?parent=46951"}],"wp:term":[{"taxonomy":"product_brand","embeddable":true,"href":"https:\/\/chmedica.ch\/fr\/wp-json\/wp\/v2\/product_brand?post=46951"},{"taxonomy":"product_cat","embeddable":true,"href":"https:\/\/chmedica.ch\/fr\/wp-json\/wp\/v2\/product_cat?post=46951"},{"taxonomy":"product_tag","embeddable":true,"href":"https:\/\/chmedica.ch\/fr\/wp-json\/wp\/v2\/product_tag?post=46951"}],"curies":[{"name":"wp","href":"https:\/\/api.w.org\/{rel}","templated":true}]}}