{"id":46390,"date":"2023-06-22T19:27:56","date_gmt":"2023-06-22T17:27:56","guid":{"rendered":"https:\/\/chmedica.ch\/prodotto\/pied-a-perfusion-pour-hypodermoclyse-charge-28-kg\/"},"modified":"2024-01-02T16:37:02","modified_gmt":"2024-01-02T15:37:02","slug":"pied-a-perfusion-pour-hypodermoclyse-charge-28-kg","status":"publish","type":"product","link":"https:\/\/chmedica.ch\/fr\/produit\/pied-a-perfusion-pour-hypodermoclyse-charge-28-kg\/","title":{"rendered":"PIED \u00c0 PERFUSION POUR HYPODERMOCLYSE charge 28 kg"},"content":{"rendered":"","protected":false},"excerpt":{"rendered":"<p>Pied \u00e0 perfusion avec \u00e9l\u00e9vation ol\u00e9odynamique pour hypodermoclyse et pour lavements et irrigations chirurgicales.<br \/>\nPompe hydraulique \u00e0 p\u00e9dale pour r\u00e9glage de la hauteur et poign\u00e9e de transport.<br \/>\nProduction italienne.<\/p>\n<p>\u2022 4 crochets en acier inox AISI 304 avec dispositif de s\u00e9curit\u00e9<br \/>\n\u2022 Barre: \u00d8 60 mm en acier inox AISI 304<br \/>\n\u2022 Poign\u00e9e r\u00e9glable en acier inox rond pour un transport facile<br \/>\n\u2022 Pompe hydraulique avec p\u00e9dale. Hauteur r\u00e9glable: 147-247 cm<br \/>\n\u2022 Poids: 22 kg<br \/>\n\u2022 Charge: 28 kg<br \/>\n\u2022 Base en acier inox avec 5 roulettes pivotantes \u00d8 75 mm (2 antistatique avec freins et 3 normales) et pare-chocs en r\u00e9sine grise<\/p>\n","protected":false},"featured_media":46384,"template":"","meta":{"_acf_changed":false},"product_brand":[],"product_cat":[958,1432],"product_tag":[],"class_list":{"0":"post-46390","1":"product","2":"type-product","3":"status-publish","4":"has-post-thumbnail","6":"product_cat-meubles-medicaux","7":"product_cat-tiges-de-perfusion-et-accessoires","9":"first","10":"onbackorder","11":"taxable","12":"shipping-taxable","13":"purchasable","14":"product-type-simple"},"acf":{"fornitore":"GIMA","standard_accessori":"","unita_misura":"1 pz."},"_links":{"self":[{"href":"https:\/\/chmedica.ch\/fr\/wp-json\/wp\/v2\/product\/46390","targetHints":{"allow":["GET"]}}],"collection":[{"href":"https:\/\/chmedica.ch\/fr\/wp-json\/wp\/v2\/product"}],"about":[{"href":"https:\/\/chmedica.ch\/fr\/wp-json\/wp\/v2\/types\/product"}],"wp:featuredmedia":[{"embeddable":true,"href":"https:\/\/chmedica.ch\/fr\/wp-json\/wp\/v2\/media\/46384"}],"wp:attachment":[{"href":"https:\/\/chmedica.ch\/fr\/wp-json\/wp\/v2\/media?parent=46390"}],"wp:term":[{"taxonomy":"product_brand","embeddable":true,"href":"https:\/\/chmedica.ch\/fr\/wp-json\/wp\/v2\/product_brand?post=46390"},{"taxonomy":"product_cat","embeddable":true,"href":"https:\/\/chmedica.ch\/fr\/wp-json\/wp\/v2\/product_cat?post=46390"},{"taxonomy":"product_tag","embeddable":true,"href":"https:\/\/chmedica.ch\/fr\/wp-json\/wp\/v2\/product_tag?post=46390"}],"curies":[{"name":"wp","href":"https:\/\/api.w.org\/{rel}","templated":true}]}}