{"id":46372,"date":"2023-06-22T19:27:39","date_gmt":"2023-06-22T17:27:39","guid":{"rendered":"https:\/\/chmedica.ch\/prodotto\/chariot-trendelenburg\/"},"modified":"2024-01-02T16:36:38","modified_gmt":"2024-01-02T15:36:38","slug":"chariot-trendelenburg","status":"publish","type":"product","link":"https:\/\/chmedica.ch\/fr\/produit\/chariot-trendelenburg\/","title":{"rendered":"CHARIOT TRENDELENBURG"},"content":{"rendered":"<p>0<\/p>\n","protected":false},"excerpt":{"rendered":"<p>En alliage d\u2019acier, peinture s\u00e9ch\u00e9e au four RAL 9010, avec poign\u00e9es chrom\u00e9es.<br \/>\nHauteur r\u00e9glable de 50 \u00e0 70 cm par pompe ol\u00e9odynamique.<br \/>\nPosition de Trendelenburg jusqu\u2019\u00e0 9\u00b0.<br \/>\nPosition Anti-Trendelenburg jusqu\u2019\u00e0 14\u00b0 (avec pompe \u00e0 gaz).<br \/>\nProtections en plastique aux quatre coins.<br \/>\nCharge max: 120 kg.<br \/>\n4 roues \u00d8 200 mm (2 avec frein).<\/p>\n","protected":false},"featured_media":46366,"template":"","meta":{"_acf_changed":false},"product_brand":[],"product_cat":[1436,958],"product_tag":[],"class_list":{"0":"post-46372","1":"product","2":"type-product","3":"status-publish","4":"has-post-thumbnail","6":"product_cat-brancards-dallees-dhopitaux","7":"product_cat-meubles-medicaux","9":"first","10":"onbackorder","11":"taxable","12":"shipping-taxable","13":"purchasable","14":"product-type-simple"},"acf":{"fornitore":"GIMA","standard_accessori":"","unita_misura":"1 pz."},"_links":{"self":[{"href":"https:\/\/chmedica.ch\/fr\/wp-json\/wp\/v2\/product\/46372","targetHints":{"allow":["GET"]}}],"collection":[{"href":"https:\/\/chmedica.ch\/fr\/wp-json\/wp\/v2\/product"}],"about":[{"href":"https:\/\/chmedica.ch\/fr\/wp-json\/wp\/v2\/types\/product"}],"wp:featuredmedia":[{"embeddable":true,"href":"https:\/\/chmedica.ch\/fr\/wp-json\/wp\/v2\/media\/46366"}],"wp:attachment":[{"href":"https:\/\/chmedica.ch\/fr\/wp-json\/wp\/v2\/media?parent=46372"}],"wp:term":[{"taxonomy":"product_brand","embeddable":true,"href":"https:\/\/chmedica.ch\/fr\/wp-json\/wp\/v2\/product_brand?post=46372"},{"taxonomy":"product_cat","embeddable":true,"href":"https:\/\/chmedica.ch\/fr\/wp-json\/wp\/v2\/product_cat?post=46372"},{"taxonomy":"product_tag","embeddable":true,"href":"https:\/\/chmedica.ch\/fr\/wp-json\/wp\/v2\/product_tag?post=46372"}],"curies":[{"name":"wp","href":"https:\/\/api.w.org\/{rel}","templated":true}]}}