{"id":46300,"date":"2023-06-22T19:27:04","date_gmt":"2023-06-22T17:27:04","guid":{"rendered":"https:\/\/chmedica.ch\/prodotto\/pied-a-serum-sur-chariot-5-roulettes-4-crochets\/"},"modified":"2026-04-13T09:09:32","modified_gmt":"2026-04-13T07:09:32","slug":"pied-a-serum-sur-chariot-5-roulettes-4-crochets","status":"publish","type":"product","link":"https:\/\/chmedica.ch\/fr\/produit\/pied-a-serum-sur-chariot-5-roulettes-4-crochets\/","title":{"rendered":"PIED \u00c0 S\u00c9RUM SUR CHARIOT 5 ROULETTES &#8211; 4 crochets"},"content":{"rendered":"","protected":false},"excerpt":{"rendered":"<p>Pied \u00e0 s\u00e9rum en acier chrom\u00e9<\/p>\n<p>\u2022 Hauteur r\u00e9glable: 160-210 cm<br \/>\n\u2022 Poids: 3,2 Kg<br \/>\n\u2022 Mat\u00e9riaux Base: plastique<br \/>\n\u2022 Nombre de crochets et Mat\u00e9riaux: 4 (m\u00e9tal)<br \/>\n\u2022 Charge par crochet: 2 Kg<br \/>\n\u2022 Charge Totale: 8 Kg<br \/>\n\u2022 Roulettes avec frein: NON<\/p>\n","protected":false},"featured_media":46294,"template":"","meta":{"_acf_changed":false},"product_brand":[],"product_cat":[958,1432],"product_tag":[],"class_list":{"0":"post-46300","1":"product","2":"type-product","3":"status-publish","4":"has-post-thumbnail","6":"product_cat-meubles-medicaux","7":"product_cat-tiges-de-perfusion-et-accessoires","9":"first","10":"onbackorder","11":"taxable","12":"shipping-taxable","13":"purchasable","14":"product-type-simple"},"acf":{"fornitore":"GIMA","standard_accessori":"","unita_misura":"1 pz."},"_links":{"self":[{"href":"https:\/\/chmedica.ch\/fr\/wp-json\/wp\/v2\/product\/46300","targetHints":{"allow":["GET"]}}],"collection":[{"href":"https:\/\/chmedica.ch\/fr\/wp-json\/wp\/v2\/product"}],"about":[{"href":"https:\/\/chmedica.ch\/fr\/wp-json\/wp\/v2\/types\/product"}],"wp:featuredmedia":[{"embeddable":true,"href":"https:\/\/chmedica.ch\/fr\/wp-json\/wp\/v2\/media\/46294"}],"wp:attachment":[{"href":"https:\/\/chmedica.ch\/fr\/wp-json\/wp\/v2\/media?parent=46300"}],"wp:term":[{"taxonomy":"product_brand","embeddable":true,"href":"https:\/\/chmedica.ch\/fr\/wp-json\/wp\/v2\/product_brand?post=46300"},{"taxonomy":"product_cat","embeddable":true,"href":"https:\/\/chmedica.ch\/fr\/wp-json\/wp\/v2\/product_cat?post=46300"},{"taxonomy":"product_tag","embeddable":true,"href":"https:\/\/chmedica.ch\/fr\/wp-json\/wp\/v2\/product_tag?post=46300"}],"curies":[{"name":"wp","href":"https:\/\/api.w.org\/{rel}","templated":true}]}}