{"id":46126,"date":"2023-06-22T19:25:37","date_gmt":"2023-06-22T17:25:37","guid":{"rendered":"https:\/\/chmedica.ch\/prodotto\/potence-a-serum-avec-2-crochets-pour-code-27804-5-6\/"},"modified":"2024-01-02T16:33:43","modified_gmt":"2024-01-02T15:33:43","slug":"potence-a-serum-avec-2-crochets-pour-code-27804-5-6","status":"publish","type":"product","link":"https:\/\/chmedica.ch\/fr\/produit\/potence-a-serum-avec-2-crochets-pour-code-27804-5-6\/","title":{"rendered":"POTENCE \u00c0 S\u00c9RUM avec 2 crochets pour code 27804\/5\/6"},"content":{"rendered":"","protected":false},"excerpt":{"rendered":"<p>Potence \u00e0 s\u00e9rum avec 2 crochets pour civi\u00e8res professionelle.<\/p>\n<p>Appropri\u00e9 pour:<br \/>\n\u2022 CHARIOT BRANCARD PROFESSIONNEL avec barrieres laterales et support pour bouteille d&rsquo; oxygene (cod. 27804)<br \/>\n\u2022 CHARIOT BRANCARD PROFESSIONNEL RX avec barrieres laterales et support pour bouteille d&rsquo; oxygene(cod. 27805)<br \/>\n\u2022 CHARIOT BRANCARD r\u00e9glable en hauteur, TR et RTR (code 27806)<\/p>\n","protected":false},"featured_media":0,"template":"","meta":{"_acf_changed":false},"product_brand":[],"product_cat":[1436,958],"product_tag":[],"class_list":{"0":"post-46126","1":"product","2":"type-product","3":"status-publish","5":"product_cat-brancards-dallees-dhopitaux","6":"product_cat-meubles-medicaux","8":"first","9":"onbackorder","10":"taxable","11":"shipping-taxable","12":"purchasable","13":"product-type-simple"},"acf":{"fornitore":"GIMA","standard_accessori":"","unita_misura":"1 pz."},"_links":{"self":[{"href":"https:\/\/chmedica.ch\/fr\/wp-json\/wp\/v2\/product\/46126","targetHints":{"allow":["GET"]}}],"collection":[{"href":"https:\/\/chmedica.ch\/fr\/wp-json\/wp\/v2\/product"}],"about":[{"href":"https:\/\/chmedica.ch\/fr\/wp-json\/wp\/v2\/types\/product"}],"wp:attachment":[{"href":"https:\/\/chmedica.ch\/fr\/wp-json\/wp\/v2\/media?parent=46126"}],"wp:term":[{"taxonomy":"product_brand","embeddable":true,"href":"https:\/\/chmedica.ch\/fr\/wp-json\/wp\/v2\/product_brand?post=46126"},{"taxonomy":"product_cat","embeddable":true,"href":"https:\/\/chmedica.ch\/fr\/wp-json\/wp\/v2\/product_cat?post=46126"},{"taxonomy":"product_tag","embeddable":true,"href":"https:\/\/chmedica.ch\/fr\/wp-json\/wp\/v2\/product_tag?post=46126"}],"curies":[{"name":"wp","href":"https:\/\/api.w.org\/{rel}","templated":true}]}}