{"id":46075,"date":"2023-06-22T19:25:13","date_gmt":"2023-06-22T17:25:13","guid":{"rendered":"https:\/\/chmedica.ch\/prodotto\/chariot-brancard-sommier-amovible\/"},"modified":"2024-01-02T16:33:11","modified_gmt":"2024-01-02T15:33:11","slug":"chariot-brancard-sommier-amovible","status":"publish","type":"product","link":"https:\/\/chmedica.ch\/fr\/produit\/chariot-brancard-sommier-amovible\/","title":{"rendered":"CHARIOT BRANCARD &#8211; SOMMIER AMOVIBLE"},"content":{"rendered":"","protected":false},"excerpt":{"rendered":"<p>Fabriqu\u00e9 en tubes d\u2019acier chrom\u00e9 et livr\u00e9 avec matelas en mati\u00e8re plastique autoextinguible et lavable.<\/p>\n<p>Mont\u00e9 sur 4 roulettes \u00d8 100 mm, dont 2 avec frein.<\/p>\n<p>Dossier r\u00e9glable jusqu&rsquo;\u00e0 60 \u00b0<\/p>\n<p>Dimensions: 180 x 54 x h 80 cm.<br \/>\nCharge: 110 kg.<br \/>\nFabriqu\u00e9 en Italie.<\/p>\n","protected":false},"featured_media":46069,"template":"","meta":{"_acf_changed":false},"product_brand":[],"product_cat":[1436,958],"product_tag":[],"class_list":{"0":"post-46075","1":"product","2":"type-product","3":"status-publish","4":"has-post-thumbnail","6":"product_cat-brancards-dallees-dhopitaux","7":"product_cat-meubles-medicaux","9":"first","10":"onbackorder","11":"taxable","12":"shipping-taxable","13":"purchasable","14":"product-type-simple"},"acf":{"fornitore":"GIMA","standard_accessori":"","unita_misura":"1 pz."},"_links":{"self":[{"href":"https:\/\/chmedica.ch\/fr\/wp-json\/wp\/v2\/product\/46075","targetHints":{"allow":["GET"]}}],"collection":[{"href":"https:\/\/chmedica.ch\/fr\/wp-json\/wp\/v2\/product"}],"about":[{"href":"https:\/\/chmedica.ch\/fr\/wp-json\/wp\/v2\/types\/product"}],"wp:featuredmedia":[{"embeddable":true,"href":"https:\/\/chmedica.ch\/fr\/wp-json\/wp\/v2\/media\/46069"}],"wp:attachment":[{"href":"https:\/\/chmedica.ch\/fr\/wp-json\/wp\/v2\/media?parent=46075"}],"wp:term":[{"taxonomy":"product_brand","embeddable":true,"href":"https:\/\/chmedica.ch\/fr\/wp-json\/wp\/v2\/product_brand?post=46075"},{"taxonomy":"product_cat","embeddable":true,"href":"https:\/\/chmedica.ch\/fr\/wp-json\/wp\/v2\/product_cat?post=46075"},{"taxonomy":"product_tag","embeddable":true,"href":"https:\/\/chmedica.ch\/fr\/wp-json\/wp\/v2\/product_tag?post=46075"}],"curies":[{"name":"wp","href":"https:\/\/api.w.org\/{rel}","templated":true}]}}