{"id":45877,"date":"2023-06-22T19:23:24","date_gmt":"2023-06-22T17:23:24","guid":{"rendered":"https:\/\/chmedica.ch\/prodotto\/canne-synthetique-en-t\/"},"modified":"2024-01-02T16:30:38","modified_gmt":"2024-01-02T15:30:38","slug":"canne-synthetique-en-t","status":"publish","type":"product","link":"https:\/\/chmedica.ch\/fr\/produit\/canne-synthetique-en-t\/","title":{"rendered":"CANNE SYNTH\u00c9TIQUE EN \u00abT\u00bb"},"content":{"rendered":"","protected":false},"excerpt":{"rendered":"<p>Canne synth\u00e9tique de qualit\u00e9 fabriqu\u00e9e en France.<\/p>\n<p>CANNE EN \u00abT\u00bb &#8211; noire<\/p>\n<p>Charge maximale: 120 kg<br \/>\nHauteur: 92 cm (hauteur variable de 90 \u00e0 94 cm selon la protection en caoutchouc et la poign\u00e9e)<\/p>\n","protected":false},"featured_media":45865,"template":"","meta":{"_acf_changed":false},"product_brand":[],"product_cat":[848,1326],"product_tag":[],"class_list":{"0":"post-45877","1":"product","2":"type-product","3":"status-publish","4":"has-post-thumbnail","6":"product_cat-aides-pour-personnes-handicapees","7":"product_cat-brancards-bequilles","9":"first","10":"onbackorder","11":"taxable","12":"shipping-taxable","13":"purchasable","14":"product-type-simple"},"acf":{"fornitore":"GIMA","standard_accessori":"","unita_misura":"1 pz."},"_links":{"self":[{"href":"https:\/\/chmedica.ch\/fr\/wp-json\/wp\/v2\/product\/45877","targetHints":{"allow":["GET"]}}],"collection":[{"href":"https:\/\/chmedica.ch\/fr\/wp-json\/wp\/v2\/product"}],"about":[{"href":"https:\/\/chmedica.ch\/fr\/wp-json\/wp\/v2\/types\/product"}],"wp:featuredmedia":[{"embeddable":true,"href":"https:\/\/chmedica.ch\/fr\/wp-json\/wp\/v2\/media\/45865"}],"wp:attachment":[{"href":"https:\/\/chmedica.ch\/fr\/wp-json\/wp\/v2\/media?parent=45877"}],"wp:term":[{"taxonomy":"product_brand","embeddable":true,"href":"https:\/\/chmedica.ch\/fr\/wp-json\/wp\/v2\/product_brand?post=45877"},{"taxonomy":"product_cat","embeddable":true,"href":"https:\/\/chmedica.ch\/fr\/wp-json\/wp\/v2\/product_cat?post=45877"},{"taxonomy":"product_tag","embeddable":true,"href":"https:\/\/chmedica.ch\/fr\/wp-json\/wp\/v2\/product_tag?post=45877"}],"curies":[{"name":"wp","href":"https:\/\/api.w.org\/{rel}","templated":true}]}}