{"id":45826,"date":"2023-06-22T19:23:02","date_gmt":"2023-06-22T17:23:02","guid":{"rendered":"https:\/\/chmedica.ch\/prodotto\/canne-advance-en-t-aluminium-gris\/"},"modified":"2024-01-02T16:30:05","modified_gmt":"2024-01-02T15:30:05","slug":"canne-advance-en-t-aluminium-gris","status":"publish","type":"product","link":"https:\/\/chmedica.ch\/fr\/produit\/canne-advance-en-t-aluminium-gris\/","title":{"rendered":"CANNE ADVANCE EN \u00abT\u00bb &#8211; aluminium &#8211; gris"},"content":{"rendered":"","protected":false},"excerpt":{"rendered":"<p>Canne en aluminium \u00e0 hauteur r\u00e9glable 745-975 mm et poign\u00e9e en gel pour une prise en main plus agr\u00e9able.<\/p>\n<p>Charge maximale: 110 kg.<\/p>\n","protected":false},"featured_media":45802,"template":"","meta":{"_acf_changed":false},"product_brand":[],"product_cat":[848,1326],"product_tag":[],"class_list":{"0":"post-45826","1":"product","2":"type-product","3":"status-publish","4":"has-post-thumbnail","6":"product_cat-aides-pour-personnes-handicapees","7":"product_cat-brancards-bequilles","9":"first","10":"onbackorder","11":"taxable","12":"shipping-taxable","13":"purchasable","14":"product-type-simple"},"acf":{"fornitore":"GIMA","standard_accessori":"","unita_misura":"1 pz."},"_links":{"self":[{"href":"https:\/\/chmedica.ch\/fr\/wp-json\/wp\/v2\/product\/45826","targetHints":{"allow":["GET"]}}],"collection":[{"href":"https:\/\/chmedica.ch\/fr\/wp-json\/wp\/v2\/product"}],"about":[{"href":"https:\/\/chmedica.ch\/fr\/wp-json\/wp\/v2\/types\/product"}],"wp:featuredmedia":[{"embeddable":true,"href":"https:\/\/chmedica.ch\/fr\/wp-json\/wp\/v2\/media\/45802"}],"wp:attachment":[{"href":"https:\/\/chmedica.ch\/fr\/wp-json\/wp\/v2\/media?parent=45826"}],"wp:term":[{"taxonomy":"product_brand","embeddable":true,"href":"https:\/\/chmedica.ch\/fr\/wp-json\/wp\/v2\/product_brand?post=45826"},{"taxonomy":"product_cat","embeddable":true,"href":"https:\/\/chmedica.ch\/fr\/wp-json\/wp\/v2\/product_cat?post=45826"},{"taxonomy":"product_tag","embeddable":true,"href":"https:\/\/chmedica.ch\/fr\/wp-json\/wp\/v2\/product_tag?post=45826"}],"curies":[{"name":"wp","href":"https:\/\/api.w.org\/{rel}","templated":true}]}}