{"id":45682,"date":"2023-06-22T19:21:50","date_gmt":"2023-06-22T17:21:50","guid":{"rendered":"https:\/\/chmedica.ch\/prodotto\/canne-en-bois-giotto-poignee-incurvee-femme\/"},"modified":"2024-01-02T16:28:57","modified_gmt":"2024-01-02T15:28:57","slug":"canne-en-bois-giotto-poignee-incurvee-femme","status":"publish","type":"product","link":"https:\/\/chmedica.ch\/fr\/produit\/canne-en-bois-giotto-poignee-incurvee-femme\/","title":{"rendered":"CANNE EN BOIS GIOTTO &#8211; poign\u00e9e incurv\u00e9e &#8211; femme"},"content":{"rendered":"","protected":false},"excerpt":{"rendered":"<p>Canne en bois de qualit\u00e9 fabriqu\u00e9e en Italie.<\/p>\n<p>POIGN\u00c9E INCURV\u00c9E GIOTTO &#8211; femme &#8211; marron<\/p>\n<p>Charge maximale: 100 kg<br \/>\nHauteur: 92 cm (hauteur variable de 90 \u00e0 94 cm selon la protection en caoutchouc et la poign\u00e9e)<\/p>\n","protected":false},"featured_media":45670,"template":"","meta":{"_acf_changed":false},"product_brand":[],"product_cat":[848,1326],"product_tag":[],"class_list":{"0":"post-45682","1":"product","2":"type-product","3":"status-publish","4":"has-post-thumbnail","6":"product_cat-aides-pour-personnes-handicapees","7":"product_cat-brancards-bequilles","9":"first","10":"onbackorder","11":"taxable","12":"shipping-taxable","13":"purchasable","14":"product-type-simple"},"acf":{"fornitore":"GIMA","standard_accessori":"","unita_misura":"1 pz."},"_links":{"self":[{"href":"https:\/\/chmedica.ch\/fr\/wp-json\/wp\/v2\/product\/45682","targetHints":{"allow":["GET"]}}],"collection":[{"href":"https:\/\/chmedica.ch\/fr\/wp-json\/wp\/v2\/product"}],"about":[{"href":"https:\/\/chmedica.ch\/fr\/wp-json\/wp\/v2\/types\/product"}],"wp:featuredmedia":[{"embeddable":true,"href":"https:\/\/chmedica.ch\/fr\/wp-json\/wp\/v2\/media\/45670"}],"wp:attachment":[{"href":"https:\/\/chmedica.ch\/fr\/wp-json\/wp\/v2\/media?parent=45682"}],"wp:term":[{"taxonomy":"product_brand","embeddable":true,"href":"https:\/\/chmedica.ch\/fr\/wp-json\/wp\/v2\/product_brand?post=45682"},{"taxonomy":"product_cat","embeddable":true,"href":"https:\/\/chmedica.ch\/fr\/wp-json\/wp\/v2\/product_cat?post=45682"},{"taxonomy":"product_tag","embeddable":true,"href":"https:\/\/chmedica.ch\/fr\/wp-json\/wp\/v2\/product_tag?post=45682"}],"curies":[{"name":"wp","href":"https:\/\/api.w.org\/{rel}","templated":true}]}}