{"id":45667,"date":"2023-06-22T19:21:45","date_gmt":"2023-06-22T17:21:45","guid":{"rendered":"https:\/\/chmedica.ch\/prodotto\/canne-en-bois-giotto-poignee-incurvee-homme\/"},"modified":"2026-02-09T20:54:40","modified_gmt":"2026-02-09T19:54:40","slug":"canne-en-bois-giotto-poignee-incurvee-homme","status":"publish","type":"product","link":"https:\/\/chmedica.ch\/fr\/produit\/canne-en-bois-giotto-poignee-incurvee-homme\/","title":{"rendered":"CANNE EN BOIS GIOTTO &#8211; poign\u00e9e incurv\u00e9e &#8211; homme"},"content":{"rendered":"","protected":false},"excerpt":{"rendered":"<p>Canne en bois de qualit\u00e9 fabriqu\u00e9e en Italie.<\/p>\n<p>POIGN\u00c9E INCURV\u00c9E GIOTTO &#8211; homme &#8211; marron<\/p>\n<p>Charge maximale: 100 kg<br \/>\nHauteur: 92 cm (hauteur variable de 90 \u00e0 94 cm selon la protection en caoutchouc et la poign\u00e9e)<\/p>\n","protected":false},"featured_media":45655,"template":"","meta":{"_acf_changed":false},"product_brand":[],"product_cat":[848,1326],"product_tag":[],"class_list":{"0":"post-45667","1":"product","2":"type-product","3":"status-publish","4":"has-post-thumbnail","6":"product_cat-aides-pour-personnes-handicapees","7":"product_cat-brancards-bequilles","9":"first","10":"onbackorder","11":"taxable","12":"shipping-taxable","13":"purchasable","14":"product-type-simple"},"acf":{"fornitore":"GIMA","standard_accessori":"","unita_misura":"1 pz."},"_links":{"self":[{"href":"https:\/\/chmedica.ch\/fr\/wp-json\/wp\/v2\/product\/45667","targetHints":{"allow":["GET"]}}],"collection":[{"href":"https:\/\/chmedica.ch\/fr\/wp-json\/wp\/v2\/product"}],"about":[{"href":"https:\/\/chmedica.ch\/fr\/wp-json\/wp\/v2\/types\/product"}],"wp:featuredmedia":[{"embeddable":true,"href":"https:\/\/chmedica.ch\/fr\/wp-json\/wp\/v2\/media\/45655"}],"wp:attachment":[{"href":"https:\/\/chmedica.ch\/fr\/wp-json\/wp\/v2\/media?parent=45667"}],"wp:term":[{"taxonomy":"product_brand","embeddable":true,"href":"https:\/\/chmedica.ch\/fr\/wp-json\/wp\/v2\/product_brand?post=45667"},{"taxonomy":"product_cat","embeddable":true,"href":"https:\/\/chmedica.ch\/fr\/wp-json\/wp\/v2\/product_cat?post=45667"},{"taxonomy":"product_tag","embeddable":true,"href":"https:\/\/chmedica.ch\/fr\/wp-json\/wp\/v2\/product_tag?post=45667"}],"curies":[{"name":"wp","href":"https:\/\/api.w.org\/{rel}","templated":true}]}}