{"id":45640,"date":"2023-06-22T19:21:32","date_gmt":"2023-06-22T17:21:32","guid":{"rendered":"https:\/\/chmedica.ch\/prodotto\/siege-de-toilette-sureleve-clipper-h-11-cm\/"},"modified":"2024-01-02T16:28:32","modified_gmt":"2024-01-02T15:28:32","slug":"siege-de-toilette-sureleve-clipper-h-11-cm","status":"publish","type":"product","link":"https:\/\/chmedica.ch\/fr\/produit\/siege-de-toilette-sureleve-clipper-h-11-cm\/","title":{"rendered":"SI\u00c8GE DE TOILETTE SUR\u00c9LEV\u00c9 CLIPPER &#8211; h 11 cm"},"content":{"rendered":"","protected":false},"excerpt":{"rendered":"<p>S\u2019adapte parfaitement \u00e0 tous les WC. <\/p>\n<p>Enti\u00e8rement r\u00e9alis\u00e9 en plastique inject\u00e9.<br \/>\n4 pinces assurent un accrochement facile et solide au WC.<br \/>\nCharge maximale: 185 kg (407 lb).<\/p>\n","protected":false},"featured_media":45622,"template":"","meta":{"_acf_changed":false},"product_brand":[],"product_cat":[1330,848],"product_tag":[],"class_list":{"0":"post-45640","1":"product","2":"type-product","3":"status-publish","4":"has-post-thumbnail","6":"product_cat-aides-bain-pour-les-personnes-handicapees-et-agees","7":"product_cat-aides-pour-personnes-handicapees","9":"first","10":"onbackorder","11":"taxable","12":"shipping-taxable","13":"purchasable","14":"product-type-simple"},"acf":{"fornitore":"GIMA","standard_accessori":"","unita_misura":"1 pz."},"_links":{"self":[{"href":"https:\/\/chmedica.ch\/fr\/wp-json\/wp\/v2\/product\/45640","targetHints":{"allow":["GET"]}}],"collection":[{"href":"https:\/\/chmedica.ch\/fr\/wp-json\/wp\/v2\/product"}],"about":[{"href":"https:\/\/chmedica.ch\/fr\/wp-json\/wp\/v2\/types\/product"}],"wp:featuredmedia":[{"embeddable":true,"href":"https:\/\/chmedica.ch\/fr\/wp-json\/wp\/v2\/media\/45622"}],"wp:attachment":[{"href":"https:\/\/chmedica.ch\/fr\/wp-json\/wp\/v2\/media?parent=45640"}],"wp:term":[{"taxonomy":"product_brand","embeddable":true,"href":"https:\/\/chmedica.ch\/fr\/wp-json\/wp\/v2\/product_brand?post=45640"},{"taxonomy":"product_cat","embeddable":true,"href":"https:\/\/chmedica.ch\/fr\/wp-json\/wp\/v2\/product_cat?post=45640"},{"taxonomy":"product_tag","embeddable":true,"href":"https:\/\/chmedica.ch\/fr\/wp-json\/wp\/v2\/product_tag?post=45640"}],"curies":[{"name":"wp","href":"https:\/\/api.w.org\/{rel}","templated":true}]}}