{"id":45565,"date":"2023-06-22T19:20:20","date_gmt":"2023-06-22T17:20:20","guid":{"rendered":"https:\/\/chmedica.ch\/prodotto\/siege-de-toilette-sureleve-souple-contact-plus-avec-couvercle\/"},"modified":"2024-01-02T16:27:27","modified_gmt":"2024-01-02T15:27:27","slug":"siege-de-toilette-sureleve-souple-contact-plus-avec-couvercle","status":"publish","type":"product","link":"https:\/\/chmedica.ch\/fr\/produit\/siege-de-toilette-sureleve-souple-contact-plus-avec-couvercle\/","title":{"rendered":"SI\u00c8GE DE TOILETTE SUR\u00c9LEV\u00c9 SOUPLE CONTACT PLUS &#8211; avec couvercle"},"content":{"rendered":"","protected":false},"excerpt":{"rendered":"<p>SI\u00c8GE DE TOILETTE SUR\u00c9LEV\u00c9 SOUPLE CONTACT PLUS &#8211; avec couvercle<\/p>\n<p>R\u00e9hausseur de toilettes souple de haute qualit\u00e9, r\u00e9alis\u00e9 en mousse \u00e0 haute densit\u00e9 inject\u00e9e dans une peau en PVC imperm\u00e9able.<\/p>\n<p>S\u2019adapte \u00e0 toute cuvette de toilette de fa\u00e7on extr\u00eamement s\u00fbre.<\/p>\n<p>Ce si\u00e8ge confortable en forme ergonomique et en mousse \u00e0 haute densit\u00e9 soul\u00e8ve la toilette de 11 cm (4,3 pouces).<\/p>\n<p>Essay\u00e9 pour 185 kg (407 lb).<br \/>\nProduction fran\u00e7aise.<\/p>\n<p>Dimensions ext\u00e9rieures: 37 x 41 x h 16 cm<br \/>\nDimensions int\u00e9rieures: 21 x 26 x h 16 cm<\/p>\n","protected":false},"featured_media":45535,"template":"","meta":{"_acf_changed":false},"product_brand":[],"product_cat":[1330,848],"product_tag":[],"class_list":{"0":"post-45565","1":"product","2":"type-product","3":"status-publish","4":"has-post-thumbnail","6":"product_cat-aides-bain-pour-les-personnes-handicapees-et-agees","7":"product_cat-aides-pour-personnes-handicapees","9":"first","10":"onbackorder","11":"taxable","12":"shipping-taxable","13":"purchasable","14":"product-type-simple"},"acf":{"fornitore":"GIMA","standard_accessori":"","unita_misura":"1 pz."},"_links":{"self":[{"href":"https:\/\/chmedica.ch\/fr\/wp-json\/wp\/v2\/product\/45565","targetHints":{"allow":["GET"]}}],"collection":[{"href":"https:\/\/chmedica.ch\/fr\/wp-json\/wp\/v2\/product"}],"about":[{"href":"https:\/\/chmedica.ch\/fr\/wp-json\/wp\/v2\/types\/product"}],"wp:featuredmedia":[{"embeddable":true,"href":"https:\/\/chmedica.ch\/fr\/wp-json\/wp\/v2\/media\/45535"}],"wp:attachment":[{"href":"https:\/\/chmedica.ch\/fr\/wp-json\/wp\/v2\/media?parent=45565"}],"wp:term":[{"taxonomy":"product_brand","embeddable":true,"href":"https:\/\/chmedica.ch\/fr\/wp-json\/wp\/v2\/product_brand?post=45565"},{"taxonomy":"product_cat","embeddable":true,"href":"https:\/\/chmedica.ch\/fr\/wp-json\/wp\/v2\/product_cat?post=45565"},{"taxonomy":"product_tag","embeddable":true,"href":"https:\/\/chmedica.ch\/fr\/wp-json\/wp\/v2\/product_tag?post=45565"}],"curies":[{"name":"wp","href":"https:\/\/api.w.org\/{rel}","templated":true}]}}