{"id":45487,"date":"2023-06-22T19:19:52","date_gmt":"2023-06-22T17:19:52","guid":{"rendered":"https:\/\/chmedica.ch\/prodotto\/siege-de-toilette-sureleve-avec-systeme-fixation-haut-10-cm\/"},"modified":"2024-01-02T16:27:03","modified_gmt":"2024-01-02T15:27:03","slug":"siege-de-toilette-sureleve-avec-systeme-fixation-haut-10-cm","status":"publish","type":"product","link":"https:\/\/chmedica.ch\/fr\/produit\/siege-de-toilette-sureleve-avec-systeme-fixation-haut-10-cm\/","title":{"rendered":"SI\u00c8GE DE TOILETTE SUR\u00c9LEV\u00c9 avec syst\u00e8me fixation-haut. 10 cm"},"content":{"rendered":"","protected":false},"excerpt":{"rendered":"<p>Avec syst\u00e8me de fixation lat\u00e9rale.<br \/>\nDimensions: 36,5&#215;40,5 cm<\/p>\n<p>Hauteur: 10 cm<br \/>\nCharge max: 225 Kg<br \/>\nEmballage: 373 x 128 x 410 mm<br \/>\nInstructions: GB, IT, FR, ES, DE, PT, GR, SE, DK, PL, NL.<\/p>\n","protected":false},"featured_media":45481,"template":"","meta":{"_acf_changed":false},"product_brand":[],"product_cat":[1330,848],"product_tag":[],"class_list":{"0":"post-45487","1":"product","2":"type-product","3":"status-publish","4":"has-post-thumbnail","6":"product_cat-aides-bain-pour-les-personnes-handicapees-et-agees","7":"product_cat-aides-pour-personnes-handicapees","9":"first","10":"onbackorder","11":"taxable","12":"shipping-taxable","13":"purchasable","14":"product-type-simple"},"acf":{"fornitore":"GIMA","standard_accessori":"","unita_misura":"1 pz."},"_links":{"self":[{"href":"https:\/\/chmedica.ch\/fr\/wp-json\/wp\/v2\/product\/45487","targetHints":{"allow":["GET"]}}],"collection":[{"href":"https:\/\/chmedica.ch\/fr\/wp-json\/wp\/v2\/product"}],"about":[{"href":"https:\/\/chmedica.ch\/fr\/wp-json\/wp\/v2\/types\/product"}],"wp:featuredmedia":[{"embeddable":true,"href":"https:\/\/chmedica.ch\/fr\/wp-json\/wp\/v2\/media\/45481"}],"wp:attachment":[{"href":"https:\/\/chmedica.ch\/fr\/wp-json\/wp\/v2\/media?parent=45487"}],"wp:term":[{"taxonomy":"product_brand","embeddable":true,"href":"https:\/\/chmedica.ch\/fr\/wp-json\/wp\/v2\/product_brand?post=45487"},{"taxonomy":"product_cat","embeddable":true,"href":"https:\/\/chmedica.ch\/fr\/wp-json\/wp\/v2\/product_cat?post=45487"},{"taxonomy":"product_tag","embeddable":true,"href":"https:\/\/chmedica.ch\/fr\/wp-json\/wp\/v2\/product_tag?post=45487"}],"curies":[{"name":"wp","href":"https:\/\/api.w.org\/{rel}","templated":true}]}}