{"id":44833,"date":"2023-06-22T19:13:45","date_gmt":"2023-06-22T17:13:45","guid":{"rendered":"https:\/\/chmedica.ch\/prodotto\/pied-a-serum-s-s-pour-lit-4-crochets\/"},"modified":"2024-01-02T16:20:04","modified_gmt":"2024-01-02T15:20:04","slug":"pied-a-serum-s-s-pour-lit-4-crochets","status":"publish","type":"product","link":"https:\/\/chmedica.ch\/fr\/produit\/pied-a-serum-s-s-pour-lit-4-crochets\/","title":{"rendered":"PIED \u00c0 S\u00c9RUM S\/S POUR LIT &#8211; 4 crochets"},"content":{"rendered":"","protected":false},"excerpt":{"rendered":"<p>Pied \u00e0 s\u00e9rum \u00e0 4 crochets pour lit &#8211; acier inox.<\/p>\n<p>Hauteur de 41 \u00e0 64 cm.<\/p>\n","protected":false},"featured_media":44827,"template":"","meta":{"_acf_changed":false},"product_brand":[],"product_cat":[1360,780],"product_tag":[],"class_list":{"0":"post-44833","1":"product","2":"type-product","3":"status-publish","4":"has-post-thumbnail","6":"product_cat-lits-hopital","7":"product_cat-lits-hopital-matelas-et-tables-de-chevet","9":"first","10":"onbackorder","11":"taxable","12":"shipping-taxable","13":"purchasable","14":"product-type-simple"},"acf":{"fornitore":"GIMA","standard_accessori":"","unita_misura":"1 pz."},"_links":{"self":[{"href":"https:\/\/chmedica.ch\/fr\/wp-json\/wp\/v2\/product\/44833","targetHints":{"allow":["GET"]}}],"collection":[{"href":"https:\/\/chmedica.ch\/fr\/wp-json\/wp\/v2\/product"}],"about":[{"href":"https:\/\/chmedica.ch\/fr\/wp-json\/wp\/v2\/types\/product"}],"wp:featuredmedia":[{"embeddable":true,"href":"https:\/\/chmedica.ch\/fr\/wp-json\/wp\/v2\/media\/44827"}],"wp:attachment":[{"href":"https:\/\/chmedica.ch\/fr\/wp-json\/wp\/v2\/media?parent=44833"}],"wp:term":[{"taxonomy":"product_brand","embeddable":true,"href":"https:\/\/chmedica.ch\/fr\/wp-json\/wp\/v2\/product_brand?post=44833"},{"taxonomy":"product_cat","embeddable":true,"href":"https:\/\/chmedica.ch\/fr\/wp-json\/wp\/v2\/product_cat?post=44833"},{"taxonomy":"product_tag","embeddable":true,"href":"https:\/\/chmedica.ch\/fr\/wp-json\/wp\/v2\/product_tag?post=44833"}],"curies":[{"name":"wp","href":"https:\/\/api.w.org\/{rel}","templated":true}]}}