{"id":44659,"date":"2023-06-22T19:12:18","date_gmt":"2023-06-22T17:12:18","guid":{"rendered":"https:\/\/chmedica.ch\/prodotto\/divan-de-traitement-standard-couleur-au-choix\/"},"modified":"2024-01-02T16:18:10","modified_gmt":"2024-01-02T15:18:10","slug":"divan-de-traitement-standard-couleur-au-choix","status":"publish","type":"product","link":"https:\/\/chmedica.ch\/fr\/produit\/divan-de-traitement-standard-couleur-au-choix\/","title":{"rendered":"DIVAN DE TRAITEMENT STANDARD &#8211; couleur au choix"},"content":{"rendered":"","protected":false},"excerpt":{"rendered":"<p>Divan professionnel d\u2019examen et de traitement \u00e0 section mobile et r\u00e9glage manuel.<br \/>\nStructure m\u00e9tallique amovible robuste recouverte de poudre \u00e9poxy non corrosive r\u00e9sistante aux rayures.<br \/>\nLa forme de la section facilite la manipulation du patient.<br \/>\nLa section de t\u00eate pr\u00e9sente une large ouverture bouche-nez.<\/p>\n<p>Rembourrage en mousse haute densit\u00e9. Finition de la housse sup\u00e9rieure en similicuir ignifuge de haute qualit\u00e9. Le vinyle est particuli\u00e8rement r\u00e9sistant aux d\u00e9sinfectants, \u00e0 l\u2019urine et au sang.<\/p>\n<p>\u2022 Dimensions: 193 (125+68) x 68 x h 78 cm<br \/>\n\u2022 Largeur: 68 cm<br \/>\n\u2022 Section de t\u00eate r\u00e9glable de 0 \u00e0 34\u00b0<br \/>\n\u2022 Charge maxi 180 kg<br \/>\n\u2022 Fabriqu\u00e9 en Italie<br \/>\n\u2022 Disponible (sous 30 jours) en 6 couleurs: noir, bleu, gris, vert, cr\u00e8me, abricot<\/p>\n","protected":false},"featured_media":44653,"template":"","meta":{"_acf_changed":false},"product_brand":[],"product_cat":[986,778],"product_tag":[],"class_list":{"0":"post-44659","1":"product","2":"type-product","3":"status-publish","4":"has-post-thumbnail","6":"product_cat-petits-lits","7":"product_cat-tables-dexamen-et-marchepieds","9":"first","10":"onbackorder","11":"taxable","12":"shipping-taxable","13":"purchasable","14":"product-type-simple"},"acf":{"fornitore":"GIMA","standard_accessori":"","unita_misura":"1 pz."},"_links":{"self":[{"href":"https:\/\/chmedica.ch\/fr\/wp-json\/wp\/v2\/product\/44659","targetHints":{"allow":["GET"]}}],"collection":[{"href":"https:\/\/chmedica.ch\/fr\/wp-json\/wp\/v2\/product"}],"about":[{"href":"https:\/\/chmedica.ch\/fr\/wp-json\/wp\/v2\/types\/product"}],"wp:featuredmedia":[{"embeddable":true,"href":"https:\/\/chmedica.ch\/fr\/wp-json\/wp\/v2\/media\/44653"}],"wp:attachment":[{"href":"https:\/\/chmedica.ch\/fr\/wp-json\/wp\/v2\/media?parent=44659"}],"wp:term":[{"taxonomy":"product_brand","embeddable":true,"href":"https:\/\/chmedica.ch\/fr\/wp-json\/wp\/v2\/product_brand?post=44659"},{"taxonomy":"product_cat","embeddable":true,"href":"https:\/\/chmedica.ch\/fr\/wp-json\/wp\/v2\/product_cat?post=44659"},{"taxonomy":"product_tag","embeddable":true,"href":"https:\/\/chmedica.ch\/fr\/wp-json\/wp\/v2\/product_tag?post=44659"}],"curies":[{"name":"wp","href":"https:\/\/api.w.org\/{rel}","templated":true}]}}