{"id":44533,"date":"2023-06-22T19:11:06","date_gmt":"2023-06-22T17:11:06","guid":{"rendered":"https:\/\/chmedica.ch\/prodotto\/lit-a-3-articulations\/"},"modified":"2024-01-02T16:16:53","modified_gmt":"2024-01-02T15:16:53","slug":"lit-a-3-articulations","status":"publish","type":"product","link":"https:\/\/chmedica.ch\/fr\/produit\/lit-a-3-articulations\/","title":{"rendered":"LIT \u00c0 3 ARTICULATIONS"},"content":{"rendered":"","protected":false},"excerpt":{"rendered":"<p>Structure en acier peint avec filet.<br \/>\n3 structures de lit avec filets en tubes d\u2019acier peint, 200 x 85 cm.<br \/>\n2 t\u00eates en tubes chrom\u00e9s avec panneau de fibre \u00e0 densit\u00e9 moyenne bilamin\u00e9 recouvert de formica.<br \/>\nR\u00e9glage par 2 manivelles.<br \/>\nBut\u00e9e de fin de course.<br \/>\nRoulettes en caoutchouc \u00d8 100 mm.<br \/>\nDimensions: 206 x 89 x h 90 cm.<br \/>\nHauteur de la structure par rapport au sol 52\/55 cm.<br \/>\nDimensions de la structure: 200 x 85 cm.<br \/>\nCharge maximale: 110 Kg.<br \/>\nPoids 42 kg.<br \/>\nFabriqu\u00e9 en Italie.<\/p>\n","protected":false},"featured_media":44521,"template":"","meta":{"_acf_changed":false},"product_brand":[],"product_cat":[1360,780],"product_tag":[],"class_list":{"0":"post-44533","1":"product","2":"type-product","3":"status-publish","4":"has-post-thumbnail","6":"product_cat-lits-hopital","7":"product_cat-lits-hopital-matelas-et-tables-de-chevet","9":"first","10":"onbackorder","11":"taxable","12":"shipping-taxable","13":"purchasable","14":"product-type-simple"},"acf":{"fornitore":"GIMA","standard_accessori":"","unita_misura":"1 pz."},"_links":{"self":[{"href":"https:\/\/chmedica.ch\/fr\/wp-json\/wp\/v2\/product\/44533","targetHints":{"allow":["GET"]}}],"collection":[{"href":"https:\/\/chmedica.ch\/fr\/wp-json\/wp\/v2\/product"}],"about":[{"href":"https:\/\/chmedica.ch\/fr\/wp-json\/wp\/v2\/types\/product"}],"wp:featuredmedia":[{"embeddable":true,"href":"https:\/\/chmedica.ch\/fr\/wp-json\/wp\/v2\/media\/44521"}],"wp:attachment":[{"href":"https:\/\/chmedica.ch\/fr\/wp-json\/wp\/v2\/media?parent=44533"}],"wp:term":[{"taxonomy":"product_brand","embeddable":true,"href":"https:\/\/chmedica.ch\/fr\/wp-json\/wp\/v2\/product_brand?post=44533"},{"taxonomy":"product_cat","embeddable":true,"href":"https:\/\/chmedica.ch\/fr\/wp-json\/wp\/v2\/product_cat?post=44533"},{"taxonomy":"product_tag","embeddable":true,"href":"https:\/\/chmedica.ch\/fr\/wp-json\/wp\/v2\/product_tag?post=44533"}],"curies":[{"name":"wp","href":"https:\/\/api.w.org\/{rel}","templated":true}]}}