{"id":43870,"date":"2023-06-22T19:06:00","date_gmt":"2023-06-22T17:06:00","guid":{"rendered":"https:\/\/chmedica.ch\/prodotto\/tabouret-avec-anneau-bleu-clair\/"},"modified":"2024-01-02T16:10:25","modified_gmt":"2024-01-02T15:10:25","slug":"tabouret-avec-anneau-bleu-clair","status":"publish","type":"product","link":"https:\/\/chmedica.ch\/fr\/produit\/tabouret-avec-anneau-bleu-clair\/","title":{"rendered":"TABOURET avec anneau &#8211; bleu clair"},"content":{"rendered":"","protected":false},"excerpt":{"rendered":"<p>Tabouret pour usage professionnel fabriqu\u00e9 enti\u00e8rement en acier inoxydable, avec roulettes autobloquantes pivotant \u00e0 360\u00b0 et surface de roulement en caoutchouc.  L&rsquo; hauteur peut \u00eatre ais\u00e9ment r\u00e9gl\u00e9e au moyen d&rsquo;une pompe \u00e0 gaz; Le dossier pivote \u00e0 180 \u00b0 et sa profondeur est r\u00e9glable. L&rsquo;assise est de densit\u00e9 \u00e9quilibr\u00e9e, matelass\u00e9e et stri\u00e9e de bandes de Peltex.<br \/>\nFabriqu\u00e9 en Italie.<\/p>\n<p>Hauteur min\/max: 530\/660 mm<\/p>\n","protected":false},"featured_media":43864,"template":"","meta":{"_acf_changed":false},"product_brand":[],"product_cat":[862,1016],"product_tag":[],"class_list":{"0":"post-43870","1":"product","2":"type-product","3":"status-publish","4":"has-post-thumbnail","6":"product_cat-chaises-a-tabouret","7":"product_cat-tabourets","9":"first","10":"onbackorder","11":"taxable","12":"shipping-taxable","13":"purchasable","14":"product-type-simple"},"acf":{"fornitore":"GIMA","standard_accessori":"","unita_misura":"1 pz."},"_links":{"self":[{"href":"https:\/\/chmedica.ch\/fr\/wp-json\/wp\/v2\/product\/43870","targetHints":{"allow":["GET"]}}],"collection":[{"href":"https:\/\/chmedica.ch\/fr\/wp-json\/wp\/v2\/product"}],"about":[{"href":"https:\/\/chmedica.ch\/fr\/wp-json\/wp\/v2\/types\/product"}],"wp:featuredmedia":[{"embeddable":true,"href":"https:\/\/chmedica.ch\/fr\/wp-json\/wp\/v2\/media\/43864"}],"wp:attachment":[{"href":"https:\/\/chmedica.ch\/fr\/wp-json\/wp\/v2\/media?parent=43870"}],"wp:term":[{"taxonomy":"product_brand","embeddable":true,"href":"https:\/\/chmedica.ch\/fr\/wp-json\/wp\/v2\/product_brand?post=43870"},{"taxonomy":"product_cat","embeddable":true,"href":"https:\/\/chmedica.ch\/fr\/wp-json\/wp\/v2\/product_cat?post=43870"},{"taxonomy":"product_tag","embeddable":true,"href":"https:\/\/chmedica.ch\/fr\/wp-json\/wp\/v2\/product_tag?post=43870"}],"curies":[{"name":"wp","href":"https:\/\/api.w.org\/{rel}","templated":true}]}}