{"id":43603,"date":"2023-06-22T19:03:20","date_gmt":"2023-06-22T17:03:20","guid":{"rendered":"https:\/\/chmedica.ch\/prodotto\/chariot-a-medicaments-moyen-20-compartiments\/"},"modified":"2024-01-02T16:07:03","modified_gmt":"2024-01-02T15:07:03","slug":"chariot-a-medicaments-moyen-20-compartiments","status":"publish","type":"product","link":"https:\/\/chmedica.ch\/fr\/produit\/chariot-a-medicaments-moyen-20-compartiments\/","title":{"rendered":"CHARIOT \u00c0 M\u00c9DICAMENTS &#8211; moyen 20 compartiments"},"content":{"rendered":"<p>Dimensions: 82 x 64 x h 100 cm.<\/p>\n","protected":false},"excerpt":{"rendered":"<p>Une pharmacie portable, pour le traitement quotidien ou hebdomadaire des patients, avec 20 cloisons \u00e0 3 compartiments pour un stockage ais\u00e9 des m\u00e9dicaments (60 espaces).<\/p>\n<p>Structure en acier peint, panneaux et surface en technopolym\u00e8re.<br \/>\nPossibilit\u00e9 de le fermer compl\u00e8tement avec le dispositif de fermeture de s\u00e9curit\u00e9 \u00e0 cl\u00e9.<br \/>\nFourni avec 4 roulettes pivotantes \u00d8 125 mm (2 avec frein).<\/p>\n<p>Fabriqu\u00e9 en Italie.<\/p>\n","protected":false},"featured_media":43597,"template":"","meta":{"_acf_changed":false},"product_brand":[],"product_cat":[1054,768],"product_tag":[],"class_list":{"0":"post-43603","1":"product","2":"type-product","3":"status-publish","4":"has-post-thumbnail","6":"product_cat-chariots-de-pharmacie","7":"product_cat-chariots-multifonctionnels-de-karrel-aurion","9":"first","10":"onbackorder","11":"taxable","12":"shipping-taxable","13":"purchasable","14":"product-type-simple"},"acf":{"fornitore":"GIMA","standard_accessori":"","unita_misura":"1 pz."},"_links":{"self":[{"href":"https:\/\/chmedica.ch\/fr\/wp-json\/wp\/v2\/product\/43603","targetHints":{"allow":["GET"]}}],"collection":[{"href":"https:\/\/chmedica.ch\/fr\/wp-json\/wp\/v2\/product"}],"about":[{"href":"https:\/\/chmedica.ch\/fr\/wp-json\/wp\/v2\/types\/product"}],"wp:featuredmedia":[{"embeddable":true,"href":"https:\/\/chmedica.ch\/fr\/wp-json\/wp\/v2\/media\/43597"}],"wp:attachment":[{"href":"https:\/\/chmedica.ch\/fr\/wp-json\/wp\/v2\/media?parent=43603"}],"wp:term":[{"taxonomy":"product_brand","embeddable":true,"href":"https:\/\/chmedica.ch\/fr\/wp-json\/wp\/v2\/product_brand?post=43603"},{"taxonomy":"product_cat","embeddable":true,"href":"https:\/\/chmedica.ch\/fr\/wp-json\/wp\/v2\/product_cat?post=43603"},{"taxonomy":"product_tag","embeddable":true,"href":"https:\/\/chmedica.ch\/fr\/wp-json\/wp\/v2\/product_tag?post=43603"}],"curies":[{"name":"wp","href":"https:\/\/api.w.org\/{rel}","templated":true}]}}