{"id":43549,"date":"2023-06-22T19:02:36","date_gmt":"2023-06-22T17:02:36","guid":{"rendered":"https:\/\/chmedica.ch\/prodotto\/porte-films-radiographique\/"},"modified":"2024-01-02T16:06:28","modified_gmt":"2024-01-02T15:06:28","slug":"porte-films-radiographique","status":"publish","type":"product","link":"https:\/\/chmedica.ch\/fr\/produit\/porte-films-radiographique\/","title":{"rendered":"PORTE-FILMS RADIOGRAPHIQUE"},"content":{"rendered":"","protected":false},"excerpt":{"rendered":"<p>Chariot dot\u00e9 de 32 compartiments extractables, d\u2019une large surface sup\u00e9rieure, 4 porte-documents lat\u00e9raux, et tablette coulissante escamotable pour \u00e9crire.<\/p>\n<p>La structure est en acier peint avec portes en bilamin\u00e9 coulissantes pouvant s\u2019ouvrir \u00e0 270\u00b0.<br \/>\nBase et petits meubles lat\u00e9raux en technopolym\u00e8re.<br \/>\n4 roulettes pivotantes en caoutchouc \u00d8 125 mm (2 avec frein).<\/p>\n<p>Dimensions 82 x 64 x h 120 cm.<br \/>\nFabriqu\u00e9 en Italie.<\/p>\n","protected":false},"featured_media":43543,"template":"","meta":{"_acf_changed":false},"product_brand":[],"product_cat":[768,1058],"product_tag":[],"class_list":{"0":"post-43549","1":"product","2":"type-product","3":"status-publish","4":"has-post-thumbnail","6":"product_cat-chariots-multifonctionnels-de-karrel-aurion","7":"product_cat-chariots-pour-dossier-et-radio","9":"first","10":"onbackorder","11":"taxable","12":"shipping-taxable","13":"purchasable","14":"product-type-simple"},"acf":{"fornitore":"GIMA","standard_accessori":"","unita_misura":"1 pz."},"_links":{"self":[{"href":"https:\/\/chmedica.ch\/fr\/wp-json\/wp\/v2\/product\/43549","targetHints":{"allow":["GET"]}}],"collection":[{"href":"https:\/\/chmedica.ch\/fr\/wp-json\/wp\/v2\/product"}],"about":[{"href":"https:\/\/chmedica.ch\/fr\/wp-json\/wp\/v2\/types\/product"}],"wp:featuredmedia":[{"embeddable":true,"href":"https:\/\/chmedica.ch\/fr\/wp-json\/wp\/v2\/media\/43543"}],"wp:attachment":[{"href":"https:\/\/chmedica.ch\/fr\/wp-json\/wp\/v2\/media?parent=43549"}],"wp:term":[{"taxonomy":"product_brand","embeddable":true,"href":"https:\/\/chmedica.ch\/fr\/wp-json\/wp\/v2\/product_brand?post=43549"},{"taxonomy":"product_cat","embeddable":true,"href":"https:\/\/chmedica.ch\/fr\/wp-json\/wp\/v2\/product_cat?post=43549"},{"taxonomy":"product_tag","embeddable":true,"href":"https:\/\/chmedica.ch\/fr\/wp-json\/wp\/v2\/product_tag?post=43549"}],"curies":[{"name":"wp","href":"https:\/\/api.w.org\/{rel}","templated":true}]}}