{"id":43408,"date":"2023-06-22T19:00:46","date_gmt":"2023-06-22T17:00:46","guid":{"rendered":"https:\/\/chmedica.ch\/prodotto\/chariot-a-linge-sale\/"},"modified":"2024-01-02T16:04:18","modified_gmt":"2024-01-02T15:04:18","slug":"chariot-a-linge-sale","status":"publish","type":"product","link":"https:\/\/chmedica.ch\/fr\/produit\/chariot-a-linge-sale\/","title":{"rendered":"CHARIOT \u00c0 LINGE SALE"},"content":{"rendered":"","protected":false},"excerpt":{"rendered":"<p>Structure chrom\u00e9e dot\u00e9e de 3 roulettes \u00d8 80 mm.<br \/>\nSac amovible inclus.<\/p>\n<p>Dimensions: \u00d8 46 x h 90 cm.<br \/>\nLivr\u00e9 en kit.<\/p>\n","protected":false},"featured_media":43402,"template":"","meta":{"_acf_changed":false},"product_brand":[],"product_cat":[1064,770],"product_tag":[],"class_list":{"0":"post-43408","1":"product","2":"type-product","3":"status-publish","4":"has-post-thumbnail","6":"product_cat-chariots-de-blanchisserie","7":"product_cat-chariots-speciaux-mayo-blanchisserie","9":"first","10":"onbackorder","11":"taxable","12":"shipping-taxable","13":"purchasable","14":"product-type-simple"},"acf":{"fornitore":"GIMA","standard_accessori":"","unita_misura":"1 pz."},"_links":{"self":[{"href":"https:\/\/chmedica.ch\/fr\/wp-json\/wp\/v2\/product\/43408","targetHints":{"allow":["GET"]}}],"collection":[{"href":"https:\/\/chmedica.ch\/fr\/wp-json\/wp\/v2\/product"}],"about":[{"href":"https:\/\/chmedica.ch\/fr\/wp-json\/wp\/v2\/types\/product"}],"wp:featuredmedia":[{"embeddable":true,"href":"https:\/\/chmedica.ch\/fr\/wp-json\/wp\/v2\/media\/43402"}],"wp:attachment":[{"href":"https:\/\/chmedica.ch\/fr\/wp-json\/wp\/v2\/media?parent=43408"}],"wp:term":[{"taxonomy":"product_brand","embeddable":true,"href":"https:\/\/chmedica.ch\/fr\/wp-json\/wp\/v2\/product_brand?post=43408"},{"taxonomy":"product_cat","embeddable":true,"href":"https:\/\/chmedica.ch\/fr\/wp-json\/wp\/v2\/product_cat?post=43408"},{"taxonomy":"product_tag","embeddable":true,"href":"https:\/\/chmedica.ch\/fr\/wp-json\/wp\/v2\/product_tag?post=43408"}],"curies":[{"name":"wp","href":"https:\/\/api.w.org\/{rel}","templated":true}]}}