{"id":43381,"date":"2023-06-22T19:00:19","date_gmt":"2023-06-22T17:00:19","guid":{"rendered":"https:\/\/chmedica.ch\/prodotto\/chariot-a-linge-acier-peint\/"},"modified":"2024-01-02T16:03:58","modified_gmt":"2024-01-02T15:03:58","slug":"chariot-a-linge-acier-peint","status":"publish","type":"product","link":"https:\/\/chmedica.ch\/fr\/produit\/chariot-a-linge-acier-peint\/","title":{"rendered":"CHARIOT \u00c0 LINGE &#8211; acier peint"},"content":{"rendered":"","protected":false},"excerpt":{"rendered":"<p>Ce chariot permet de r\u00e9cup\u00e9rer le linge sale tout en distribuant le linge propre aux lits des patients. Structure en acier peint. Dot\u00e9 de 4 roulettes de \u00d8 125 mm (2 avec frein) et de 4 tampons de coin en caoutchouc.<\/p>\n<p>Sac non fourni.<br \/>\nDimensions: 135 x 65 x h 102 cm.<br \/>\nFabriqu\u00e9s en Italie.<\/p>\n","protected":false},"featured_media":43375,"template":"","meta":{"_acf_changed":false},"product_brand":[],"product_cat":[1068,768],"product_tag":[],"class_list":{"0":"post-43381","1":"product","2":"type-product","3":"status-publish","4":"has-post-thumbnail","6":"product_cat-chariots-a-linge-fr-carrelli-multifunzionali-karrel-e-aurion","7":"product_cat-chariots-multifonctionnels-de-karrel-aurion","9":"first","10":"onbackorder","11":"taxable","12":"shipping-taxable","13":"purchasable","14":"product-type-simple"},"acf":{"fornitore":"GIMA","standard_accessori":"","unita_misura":"1 pz."},"_links":{"self":[{"href":"https:\/\/chmedica.ch\/fr\/wp-json\/wp\/v2\/product\/43381","targetHints":{"allow":["GET"]}}],"collection":[{"href":"https:\/\/chmedica.ch\/fr\/wp-json\/wp\/v2\/product"}],"about":[{"href":"https:\/\/chmedica.ch\/fr\/wp-json\/wp\/v2\/types\/product"}],"wp:featuredmedia":[{"embeddable":true,"href":"https:\/\/chmedica.ch\/fr\/wp-json\/wp\/v2\/media\/43375"}],"wp:attachment":[{"href":"https:\/\/chmedica.ch\/fr\/wp-json\/wp\/v2\/media?parent=43381"}],"wp:term":[{"taxonomy":"product_brand","embeddable":true,"href":"https:\/\/chmedica.ch\/fr\/wp-json\/wp\/v2\/product_brand?post=43381"},{"taxonomy":"product_cat","embeddable":true,"href":"https:\/\/chmedica.ch\/fr\/wp-json\/wp\/v2\/product_cat?post=43381"},{"taxonomy":"product_tag","embeddable":true,"href":"https:\/\/chmedica.ch\/fr\/wp-json\/wp\/v2\/product_tag?post=43381"}],"curies":[{"name":"wp","href":"https:\/\/api.w.org\/{rel}","templated":true}]}}