{"id":43324,"date":"2023-06-22T18:59:36","date_gmt":"2023-06-22T16:59:36","guid":{"rendered":"https:\/\/chmedica.ch\/prodotto\/porte-cupule-individuel\/"},"modified":"2024-01-02T16:03:16","modified_gmt":"2024-01-02T15:03:16","slug":"porte-cupule-individuel","status":"publish","type":"product","link":"https:\/\/chmedica.ch\/fr\/produit\/porte-cupule-individuel\/","title":{"rendered":"PORTE-CUPULE INDIVIDUEL"},"content":{"rendered":"","protected":false},"excerpt":{"rendered":"<p>PORTE-CUPULE INDIVIDUEL<\/p>\n<p>Pied en acier chrom\u00e9 avec base en acier inox et 5 roulettes en plastique dont une avec frein. Hauteur r\u00e9glable de 60 \u00e0 95 cm.<br \/>\nCupule en acier inox \u00d8 32 cm, charge 4 l.<br \/>\nLivr\u00e9 en kit.<\/p>\n<p>Base \u00d8 65 cm<\/p>\n","protected":false},"featured_media":43318,"template":"","meta":{"_acf_changed":false},"product_brand":[],"product_cat":[1074,770],"product_tag":[],"class_list":{"0":"post-43324","1":"product","2":"type-product","3":"status-publish","4":"has-post-thumbnail","6":"product_cat-chariot-pour-bassins","7":"product_cat-chariots-speciaux-mayo-blanchisserie","9":"first","10":"onbackorder","11":"taxable","12":"shipping-taxable","13":"purchasable","14":"product-type-simple"},"acf":{"fornitore":"GIMA","standard_accessori":"","unita_misura":"1 pz."},"_links":{"self":[{"href":"https:\/\/chmedica.ch\/fr\/wp-json\/wp\/v2\/product\/43324","targetHints":{"allow":["GET"]}}],"collection":[{"href":"https:\/\/chmedica.ch\/fr\/wp-json\/wp\/v2\/product"}],"about":[{"href":"https:\/\/chmedica.ch\/fr\/wp-json\/wp\/v2\/types\/product"}],"wp:featuredmedia":[{"embeddable":true,"href":"https:\/\/chmedica.ch\/fr\/wp-json\/wp\/v2\/media\/43318"}],"wp:attachment":[{"href":"https:\/\/chmedica.ch\/fr\/wp-json\/wp\/v2\/media?parent=43324"}],"wp:term":[{"taxonomy":"product_brand","embeddable":true,"href":"https:\/\/chmedica.ch\/fr\/wp-json\/wp\/v2\/product_brand?post=43324"},{"taxonomy":"product_cat","embeddable":true,"href":"https:\/\/chmedica.ch\/fr\/wp-json\/wp\/v2\/product_cat?post=43324"},{"taxonomy":"product_tag","embeddable":true,"href":"https:\/\/chmedica.ch\/fr\/wp-json\/wp\/v2\/product_tag?post=43324"}],"curies":[{"name":"wp","href":"https:\/\/api.w.org\/{rel}","templated":true}]}}