{"id":43258,"date":"2023-06-22T18:58:55","date_gmt":"2023-06-22T16:58:55","guid":{"rendered":"https:\/\/chmedica.ch\/prodotto\/table-de-lit\/"},"modified":"2024-01-02T16:02:28","modified_gmt":"2024-01-02T15:02:28","slug":"table-de-lit","status":"publish","type":"product","link":"https:\/\/chmedica.ch\/fr\/produit\/table-de-lit\/","title":{"rendered":"TABLE DE LIT"},"content":{"rendered":"","protected":false},"excerpt":{"rendered":"<p>Table de lit avec structure en acier et panneau \u00e0 densit\u00e9 \u00e9lev\u00e9e.<\/p>\n<p>Base \u00e0 4 roulettes amovibles \u00d8 50 mm (2,5\u201d) dont 2 avec frein.<\/p>\n<p>Hauteur (de 72 \u00e0 110 cm) et angle r\u00e9glables.<br \/>\nPlateau: 41 x 61 cm.<\/p>\n<p>Livr\u00e9e en kit.<br \/>\nEmballage: 65 x 7 x 67 cm<\/p>\n","protected":false},"featured_media":43228,"template":"","meta":{"_acf_changed":false},"product_brand":[],"product_cat":[1014,770],"product_tag":[],"class_list":{"0":"post-43258","1":"product","2":"type-product","3":"status-publish","4":"has-post-thumbnail","6":"product_cat-chariot-de-service-et-de-repas","7":"product_cat-chariots-speciaux-mayo-blanchisserie","9":"first","10":"onbackorder","11":"taxable","12":"shipping-taxable","13":"purchasable","14":"product-type-simple"},"acf":{"fornitore":"GIMA","standard_accessori":"","unita_misura":"1 pz."},"_links":{"self":[{"href":"https:\/\/chmedica.ch\/fr\/wp-json\/wp\/v2\/product\/43258","targetHints":{"allow":["GET"]}}],"collection":[{"href":"https:\/\/chmedica.ch\/fr\/wp-json\/wp\/v2\/product"}],"about":[{"href":"https:\/\/chmedica.ch\/fr\/wp-json\/wp\/v2\/types\/product"}],"wp:featuredmedia":[{"embeddable":true,"href":"https:\/\/chmedica.ch\/fr\/wp-json\/wp\/v2\/media\/43228"}],"wp:attachment":[{"href":"https:\/\/chmedica.ch\/fr\/wp-json\/wp\/v2\/media?parent=43258"}],"wp:term":[{"taxonomy":"product_brand","embeddable":true,"href":"https:\/\/chmedica.ch\/fr\/wp-json\/wp\/v2\/product_brand?post=43258"},{"taxonomy":"product_cat","embeddable":true,"href":"https:\/\/chmedica.ch\/fr\/wp-json\/wp\/v2\/product_cat?post=43258"},{"taxonomy":"product_tag","embeddable":true,"href":"https:\/\/chmedica.ch\/fr\/wp-json\/wp\/v2\/product_tag?post=43258"}],"curies":[{"name":"wp","href":"https:\/\/api.w.org\/{rel}","templated":true}]}}