{"id":43198,"date":"2023-06-22T18:58:33","date_gmt":"2023-06-22T16:58:33","guid":{"rendered":"https:\/\/chmedica.ch\/prodotto\/lit-dexamen-classique-chrome-abricot\/"},"modified":"2024-01-02T16:02:16","modified_gmt":"2024-01-02T15:02:16","slug":"lit-dexamen-classique-chrome-abricot","status":"publish","type":"product","link":"https:\/\/chmedica.ch\/fr\/produit\/lit-dexamen-classique-chrome-abricot\/","title":{"rendered":"LIT D\u2019EXAMEN CLASSIQUE &#8211; chrom\u00e9 &#8211; abricot"},"content":{"rendered":"","protected":false},"excerpt":{"rendered":"<p>Structure principale chrom\u00e9e et pieds en acier chrom\u00e9, \u00e9quip\u00e9s d\u2019embouts en plastique.<br \/>\nLa partie sup\u00e9rieure en 2 sections poss\u00e8de un rembourrage en mousse r\u00e9siliente rev\u00eatu d\u2019un mat\u00e9riau plastique lavable et ignifuge.<br \/>\nDossier enti\u00e8rement r\u00e9glable.<\/p>\n<p>\u2022 Taille: 180 x 57 x h 73 cm<br \/>\n\u2022 Charge maximale: 120 kg<br \/>\n\u2022 Livr\u00e9 en kit (198 x 17 x 64 cm)<br \/>\n\u2022 Instructions: GB, FR, IT, ES, PT, DE, GR.<br \/>\n\u2022 Fabriqu\u00e9 en Italie<\/p>\n","protected":false},"featured_media":43192,"template":"","meta":{"_acf_changed":false},"product_brand":[],"product_cat":[986,778],"product_tag":[],"class_list":{"0":"post-43198","1":"product","2":"type-product","3":"status-publish","4":"has-post-thumbnail","6":"product_cat-petits-lits","7":"product_cat-tables-dexamen-et-marchepieds","9":"first","10":"onbackorder","11":"taxable","12":"shipping-taxable","13":"purchasable","14":"product-type-simple"},"acf":{"fornitore":"GIMA","standard_accessori":"","unita_misura":"1 pz."},"_links":{"self":[{"href":"https:\/\/chmedica.ch\/fr\/wp-json\/wp\/v2\/product\/43198","targetHints":{"allow":["GET"]}}],"collection":[{"href":"https:\/\/chmedica.ch\/fr\/wp-json\/wp\/v2\/product"}],"about":[{"href":"https:\/\/chmedica.ch\/fr\/wp-json\/wp\/v2\/types\/product"}],"wp:featuredmedia":[{"embeddable":true,"href":"https:\/\/chmedica.ch\/fr\/wp-json\/wp\/v2\/media\/43192"}],"wp:attachment":[{"href":"https:\/\/chmedica.ch\/fr\/wp-json\/wp\/v2\/media?parent=43198"}],"wp:term":[{"taxonomy":"product_brand","embeddable":true,"href":"https:\/\/chmedica.ch\/fr\/wp-json\/wp\/v2\/product_brand?post=43198"},{"taxonomy":"product_cat","embeddable":true,"href":"https:\/\/chmedica.ch\/fr\/wp-json\/wp\/v2\/product_cat?post=43198"},{"taxonomy":"product_tag","embeddable":true,"href":"https:\/\/chmedica.ch\/fr\/wp-json\/wp\/v2\/product_tag?post=43198"}],"curies":[{"name":"wp","href":"https:\/\/api.w.org\/{rel}","templated":true}]}}