{"id":43021,"date":"2023-06-22T18:56:31","date_gmt":"2023-06-22T16:56:31","guid":{"rendered":"https:\/\/chmedica.ch\/prodotto\/rouleau-gaufre-colle-2-epaisseurs-80m-x-59cm-perf-190-cm\/"},"modified":"2024-01-02T15:59:46","modified_gmt":"2024-01-02T14:59:46","slug":"rouleau-gaufre-colle-2-epaisseurs-80m-x-59cm-perf-190-cm","status":"publish","type":"product","link":"https:\/\/chmedica.ch\/fr\/produit\/rouleau-gaufre-colle-2-epaisseurs-80m-x-59cm-perf-190-cm\/","title":{"rendered":"ROULEAU GAUFR\u00c9 COLL\u00c9 2 \u00c9PAISSEURS &#8211; 80m x 59cm perf. 190 cm"},"content":{"rendered":"<p>\u2022 Mati\u00e8re: gaufr\u00e9 coll\u00e9<br \/>\n\u2022 Coloris: blanc<br \/>\n\u2022 Epaisseurs: 2 epaisseurs<br \/>\n\u2022 Poids: 2 x 17 g\/m2<br \/>\n\u2022 Longueur: 80 m<br \/>\n\u2022 Hauteur: 59 cm<br \/>\n\u2022 Nombre de feuilles: 42<br \/>\n\u2022 Perforation: 190 cm<br \/>\n\u2022 Rouleaux pour bo\u00eete: 6<\/p>\n","protected":false},"excerpt":{"rendered":"<p>Rouleau de papier pour lit hygi\u00e9nique, \u00e9conomique et r\u00e9sistant, fabriqu\u00e9 exclusivement en cellucotton. Chaque rouleau est emball\u00e9 individuellement dans du plastique pour une meilleur protection. Non toxique.<\/p>\n","protected":false},"featured_media":43015,"template":"","meta":{"_acf_changed":false},"product_brand":[],"product_cat":[978,962],"product_tag":[],"class_list":{"0":"post-43021","1":"product","2":"type-product","3":"status-publish","4":"has-post-thumbnail","6":"product_cat-feuilles-de-papier","7":"product_cat-feuilles-de-papier-et-lingettes","9":"first","10":"onbackorder","11":"taxable","12":"shipping-taxable","13":"purchasable","14":"product-type-simple"},"acf":{"fornitore":"GIMA","standard_accessori":"","unita_misura":"conf. 6 rotoli"},"_links":{"self":[{"href":"https:\/\/chmedica.ch\/fr\/wp-json\/wp\/v2\/product\/43021","targetHints":{"allow":["GET"]}}],"collection":[{"href":"https:\/\/chmedica.ch\/fr\/wp-json\/wp\/v2\/product"}],"about":[{"href":"https:\/\/chmedica.ch\/fr\/wp-json\/wp\/v2\/types\/product"}],"wp:featuredmedia":[{"embeddable":true,"href":"https:\/\/chmedica.ch\/fr\/wp-json\/wp\/v2\/media\/43015"}],"wp:attachment":[{"href":"https:\/\/chmedica.ch\/fr\/wp-json\/wp\/v2\/media?parent=43021"}],"wp:term":[{"taxonomy":"product_brand","embeddable":true,"href":"https:\/\/chmedica.ch\/fr\/wp-json\/wp\/v2\/product_brand?post=43021"},{"taxonomy":"product_cat","embeddable":true,"href":"https:\/\/chmedica.ch\/fr\/wp-json\/wp\/v2\/product_cat?post=43021"},{"taxonomy":"product_tag","embeddable":true,"href":"https:\/\/chmedica.ch\/fr\/wp-json\/wp\/v2\/product_tag?post=43021"}],"curies":[{"name":"wp","href":"https:\/\/api.w.org\/{rel}","templated":true}]}}