{"id":42952,"date":"2023-06-22T18:56:11","date_gmt":"2023-06-22T16:56:11","guid":{"rendered":"https:\/\/chmedica.ch\/prodotto\/lit-dexamen-en-bois\/"},"modified":"2024-01-02T15:59:27","modified_gmt":"2024-01-02T14:59:27","slug":"lit-dexamen-en-bois","status":"publish","type":"product","link":"https:\/\/chmedica.ch\/fr\/produit\/lit-dexamen-en-bois\/","title":{"rendered":"LIT D&rsquo;EXAMEN EN BOIS"},"content":{"rendered":"<p>\u2022 Dimensions: 190 x 70 x h 75 cm<br \/>\n\u2022 Charge maximum: 200 kg<\/p>\n","protected":false},"excerpt":{"rendered":"<p>Lit confortable, id\u00e9al pour la th\u00e9rapie physique, la cardiologie et les centres de bien-\u00eatre.<br \/>\nBois de qualit\u00e9 sup\u00e9rieure.<br \/>\nDossier r\u00e9glable en 13 positions.<br \/>\nRembourrage de mousse r\u00e9siliente rev\u00eatu de skay lavable et ignifuge.<br \/>\nDisponible couleur cr\u00eame.<br \/>\nLivr\u00e9 en kit.<br \/>\nMontage facile, outils fournis.<br \/>\nFabriqu\u00e9 en Italie.<\/p>\n","protected":false},"featured_media":42940,"template":"","meta":{"_acf_changed":false},"product_brand":[],"product_cat":[980,778],"product_tag":[],"class_list":{"0":"post-42952","1":"product","2":"type-product","3":"status-publish","4":"has-post-thumbnail","6":"product_cat-lits-en-bois","7":"product_cat-tables-dexamen-et-marchepieds","9":"first","10":"onbackorder","11":"taxable","12":"shipping-taxable","13":"purchasable","14":"product-type-simple"},"acf":{"fornitore":"GIMA","standard_accessori":"","unita_misura":"1 pz."},"_links":{"self":[{"href":"https:\/\/chmedica.ch\/fr\/wp-json\/wp\/v2\/product\/42952","targetHints":{"allow":["GET"]}}],"collection":[{"href":"https:\/\/chmedica.ch\/fr\/wp-json\/wp\/v2\/product"}],"about":[{"href":"https:\/\/chmedica.ch\/fr\/wp-json\/wp\/v2\/types\/product"}],"wp:featuredmedia":[{"embeddable":true,"href":"https:\/\/chmedica.ch\/fr\/wp-json\/wp\/v2\/media\/42940"}],"wp:attachment":[{"href":"https:\/\/chmedica.ch\/fr\/wp-json\/wp\/v2\/media?parent=42952"}],"wp:term":[{"taxonomy":"product_brand","embeddable":true,"href":"https:\/\/chmedica.ch\/fr\/wp-json\/wp\/v2\/product_brand?post=42952"},{"taxonomy":"product_cat","embeddable":true,"href":"https:\/\/chmedica.ch\/fr\/wp-json\/wp\/v2\/product_cat?post=42952"},{"taxonomy":"product_tag","embeddable":true,"href":"https:\/\/chmedica.ch\/fr\/wp-json\/wp\/v2\/product_tag?post=42952"}],"curies":[{"name":"wp","href":"https:\/\/api.w.org\/{rel}","templated":true}]}}