{"id":42919,"date":"2023-06-22T18:55:53","date_gmt":"2023-06-22T16:55:53","guid":{"rendered":"https:\/\/chmedica.ch\/prodotto\/rouleau-polyethylene-en-relief-50m-x-50cm-blanc\/"},"modified":"2024-01-02T15:59:08","modified_gmt":"2024-01-02T14:59:08","slug":"rouleau-polyethylene-en-relief-50m-x-50cm-blanc","status":"publish","type":"product","link":"https:\/\/chmedica.ch\/fr\/produit\/rouleau-polyethylene-en-relief-50m-x-50cm-blanc\/","title":{"rendered":"ROULEAU POLY\u00c9THYL\u00c8NE EN RELIEF &#8211; 50m x 50cm &#8211; blanc"},"content":{"rendered":"<p>\u2022 Mati\u00e8re: \u00e9paisseurs de cellucotton doubl\u00e9e d&rsquo;une \u00e9paisseur de poly\u00e9thyl\u00e8ne<br \/>\n\u2022 Coloris: blanc<br \/>\n\u2022 Epaisseurs: 14 g\/m2 poly\u00e9thyl\u00e8ne<br \/>\n\u2022 Poids: 26\/28 g\/m2<br \/>\n\u2022 Longueur: 50 m<br \/>\n\u2022 Hauteur: 50 cm<br \/>\n\u2022 Nombre de feuilles: 132<br \/>\n\u2022 Perforation: 38 cm<br \/>\n\u2022 Rouleaux pour bo\u00eete: 6<\/p>\n","protected":false},"excerpt":{"rendered":"<p>Rouleau de papier pour lit hygi\u00e9nique, \u00e9conomique et r\u00e9sistant, fabriqu\u00e9 exclusivement en poly\u00e9thyl\u00e8ne cellucotton.Chaque rouleau est emball\u00e9 individuellement dans du plastique pour une meilleur protection. Non toxique.<\/p>\n","protected":false},"featured_media":0,"template":"","meta":{"_acf_changed":false},"product_brand":[],"product_cat":[978,962],"product_tag":[],"class_list":{"0":"post-42919","1":"product","2":"type-product","3":"status-publish","5":"product_cat-feuilles-de-papier","6":"product_cat-feuilles-de-papier-et-lingettes","8":"first","9":"onbackorder","10":"taxable","11":"shipping-taxable","12":"purchasable","13":"product-type-simple"},"acf":{"fornitore":"GIMA","standard_accessori":"","unita_misura":"conf. 6 pz."},"_links":{"self":[{"href":"https:\/\/chmedica.ch\/fr\/wp-json\/wp\/v2\/product\/42919","targetHints":{"allow":["GET"]}}],"collection":[{"href":"https:\/\/chmedica.ch\/fr\/wp-json\/wp\/v2\/product"}],"about":[{"href":"https:\/\/chmedica.ch\/fr\/wp-json\/wp\/v2\/types\/product"}],"wp:attachment":[{"href":"https:\/\/chmedica.ch\/fr\/wp-json\/wp\/v2\/media?parent=42919"}],"wp:term":[{"taxonomy":"product_brand","embeddable":true,"href":"https:\/\/chmedica.ch\/fr\/wp-json\/wp\/v2\/product_brand?post=42919"},{"taxonomy":"product_cat","embeddable":true,"href":"https:\/\/chmedica.ch\/fr\/wp-json\/wp\/v2\/product_cat?post=42919"},{"taxonomy":"product_tag","embeddable":true,"href":"https:\/\/chmedica.ch\/fr\/wp-json\/wp\/v2\/product_tag?post=42919"}],"curies":[{"name":"wp","href":"https:\/\/api.w.org\/{rel}","templated":true}]}}