{"id":42916,"date":"2023-06-22T18:55:47","date_gmt":"2023-06-22T16:55:47","guid":{"rendered":"https:\/\/chmedica.ch\/prodotto\/rouleau-pour-lit-dexamen-en-relief-2-epaisseurs-46mx50-cm\/"},"modified":"2026-04-29T14:42:22","modified_gmt":"2026-04-29T12:42:22","slug":"rouleau-pour-lit-dexamen-en-relief-2-epaisseurs-46mx50-cm","status":"publish","type":"product","link":"https:\/\/chmedica.ch\/fr\/produit\/rouleau-pour-lit-dexamen-en-relief-2-epaisseurs-46mx50-cm\/","title":{"rendered":"ROULEAU POUR LIT D&rsquo;EXAMEN EN RELIEF 2 \u00c9PAISSEURS-46mx50 cm"},"content":{"rendered":"<p>\u2022 Mati\u00e8re: pur cellucotton gaufr\u00e9<br \/>\n\u2022 Coloris: blanc<br \/>\n\u2022 Epaisseurs: 2 \u00e9paisseurs<br \/>\n\u2022 Poids:2&#215;18 g\/m2<br \/>\n\u2022 Longueur: 46 m<br \/>\n\u2022 Hauteur: 50 cm<br \/>\n\u2022 Nombre de feuilles: 135<br \/>\n\u2022 Perforation: 34 cm<br \/>\n\u2022 Rouleaux pour bo\u00eete: 9<\/p>\n","protected":false},"excerpt":{"rendered":"<p>Rouleau de papier pour lit hygi\u00e9nique, \u00e9conomique et r\u00e9sistant, fabriqu\u00e9 exclusivement en poly\u00e9thyl\u00e8ne cellucotton. Chaque rouleau est emball\u00e9 individuellement dans du plastique pour une meilleur protection. Non toxique.<\/p>\n","protected":false},"featured_media":42910,"template":"","meta":{"_acf_changed":false},"product_brand":[],"product_cat":[978,962],"product_tag":[],"class_list":{"0":"post-42916","1":"product","2":"type-product","3":"status-publish","4":"has-post-thumbnail","6":"product_cat-feuilles-de-papier","7":"product_cat-feuilles-de-papier-et-lingettes","9":"first","10":"onbackorder","11":"taxable","12":"shipping-taxable","13":"purchasable","14":"product-type-simple"},"acf":{"fornitore":"GIMA","standard_accessori":"0","unita_misura":"9 rotoli"},"_links":{"self":[{"href":"https:\/\/chmedica.ch\/fr\/wp-json\/wp\/v2\/product\/42916","targetHints":{"allow":["GET"]}}],"collection":[{"href":"https:\/\/chmedica.ch\/fr\/wp-json\/wp\/v2\/product"}],"about":[{"href":"https:\/\/chmedica.ch\/fr\/wp-json\/wp\/v2\/types\/product"}],"wp:featuredmedia":[{"embeddable":true,"href":"https:\/\/chmedica.ch\/fr\/wp-json\/wp\/v2\/media\/42910"}],"wp:attachment":[{"href":"https:\/\/chmedica.ch\/fr\/wp-json\/wp\/v2\/media?parent=42916"}],"wp:term":[{"taxonomy":"product_brand","embeddable":true,"href":"https:\/\/chmedica.ch\/fr\/wp-json\/wp\/v2\/product_brand?post=42916"},{"taxonomy":"product_cat","embeddable":true,"href":"https:\/\/chmedica.ch\/fr\/wp-json\/wp\/v2\/product_cat?post=42916"},{"taxonomy":"product_tag","embeddable":true,"href":"https:\/\/chmedica.ch\/fr\/wp-json\/wp\/v2\/product_tag?post=42916"}],"curies":[{"name":"wp","href":"https:\/\/api.w.org\/{rel}","templated":true}]}}