{"id":42907,"date":"2023-06-22T18:55:41","date_gmt":"2023-06-22T16:55:41","guid":{"rendered":"https:\/\/chmedica.ch\/prodotto\/rouleau-pour-lit-dexamen-en-relief-2-epaisseurs-475m-x-59cm\/"},"modified":"2024-01-02T15:58:55","modified_gmt":"2024-01-02T14:58:55","slug":"rouleau-pour-lit-dexamen-en-relief-2-epaisseurs-475m-x-59cm","status":"publish","type":"product","link":"https:\/\/chmedica.ch\/fr\/produit\/rouleau-pour-lit-dexamen-en-relief-2-epaisseurs-475m-x-59cm\/","title":{"rendered":"ROULEAU POUR LIT D&rsquo;EXAMEN EN RELIEF 2 \u00c9PAISSEURS &#8211; 47,5m x 59cm"},"content":{"rendered":"<p>\u2022 Mati\u00e8re: pur cellucotton gaufr\u00e9<br \/>\n\u2022 Coloris: blanc<br \/>\n\u2022 Epaisseurs: 2 \u00e9paisseurs<br \/>\n\u2022 Poids: 2&#215;20 g\/m2<br \/>\n\u2022 Longueur: 47,5 m<br \/>\n\u2022 Hauteur: 60 cm<br \/>\n\u2022 Nombre de feuilles: 125<br \/>\n\u2022 Perforation: 38 cm<br \/>\n\u2022 Rouleaux pour bo\u00eete: 6<\/p>\n","protected":false},"excerpt":{"rendered":"<p>Rouleau de papier pour lit hygi\u00e9nique, \u00e9conomique et r\u00e9sistant, fabriqu\u00e9 exclusivement en poly\u00e9thyl\u00e8ne cellucotton. Chaque rouleau est emball\u00e9 individuellement dans du plastique pour une meilleur protection. Non toxique.<\/p>\n","protected":false},"featured_media":0,"template":"","meta":{"_acf_changed":false},"product_brand":[],"product_cat":[978,962],"product_tag":[],"class_list":{"0":"post-42907","1":"product","2":"type-product","3":"status-publish","5":"product_cat-feuilles-de-papier","6":"product_cat-feuilles-de-papier-et-lingettes","8":"first","9":"onbackorder","10":"taxable","11":"shipping-taxable","12":"purchasable","13":"product-type-simple"},"acf":{"fornitore":"GIMA","standard_accessori":"","unita_misura":"6 rotoli"},"_links":{"self":[{"href":"https:\/\/chmedica.ch\/fr\/wp-json\/wp\/v2\/product\/42907","targetHints":{"allow":["GET"]}}],"collection":[{"href":"https:\/\/chmedica.ch\/fr\/wp-json\/wp\/v2\/product"}],"about":[{"href":"https:\/\/chmedica.ch\/fr\/wp-json\/wp\/v2\/types\/product"}],"wp:attachment":[{"href":"https:\/\/chmedica.ch\/fr\/wp-json\/wp\/v2\/media?parent=42907"}],"wp:term":[{"taxonomy":"product_brand","embeddable":true,"href":"https:\/\/chmedica.ch\/fr\/wp-json\/wp\/v2\/product_brand?post=42907"},{"taxonomy":"product_cat","embeddable":true,"href":"https:\/\/chmedica.ch\/fr\/wp-json\/wp\/v2\/product_cat?post=42907"},{"taxonomy":"product_tag","embeddable":true,"href":"https:\/\/chmedica.ch\/fr\/wp-json\/wp\/v2\/product_tag?post=42907"}],"curies":[{"name":"wp","href":"https:\/\/api.w.org\/{rel}","templated":true}]}}