{"id":42805,"date":"2023-06-22T18:54:29","date_gmt":"2023-06-22T16:54:29","guid":{"rendered":"https:\/\/chmedica.ch\/prodotto\/lit-pediatrique-1-4-ans\/"},"modified":"2024-01-02T15:57:39","modified_gmt":"2024-01-02T14:57:39","slug":"lit-pediatrique-1-4-ans","status":"publish","type":"product","link":"https:\/\/chmedica.ch\/fr\/produit\/lit-pediatrique-1-4-ans\/","title":{"rendered":"LIT P\u00c9DIATRIQUE 1-4 ans"},"content":{"rendered":"","protected":false},"excerpt":{"rendered":"<p>Structure principale en tubes d&rsquo;acier \u00d8 30 mm peints \u00e0 200 \u00b0C avec poudre \u00e9poxy, pr\u00eate \u00e0 \u00eatre accroch\u00e9e au sommier. <\/p>\n<p>Sommier en treillis fait de tubes ovales de 40 x 20 mm, fix\u00e9 \u00e0 la structure principale au moyen de boulons amovibles.<\/p>\n<p>Barri\u00e8res lat\u00e9rales h 62 cm coulissant sur guides d&rsquo;acier chrom\u00e9, avec dispositif de s\u00e9curit\u00e9. Pieds dot\u00e9s de 4 roulettes \u00d8 80 mm dont 2 avec frein.<\/p>\n<p>\u2022 Poids: 35 Kg.<br \/>\n\u2022 Dimensions ext\u00e9rieures: 140 x 70 x 130 h cm<br \/>\n\u2022 Dimensions int\u00e9rieures: 130 x 65 x 63 h cm<br \/>\n\u2022 Coloris: ivoire (RAL1013)<br \/>\n\u2022 Fabriqu\u00e9 en Italie<\/p>\n","protected":false},"featured_media":42799,"template":"","meta":{"_acf_changed":false},"product_brand":[],"product_cat":[780,992],"product_tag":[],"class_list":{"0":"post-42805","1":"product","2":"type-product","3":"status-publish","4":"has-post-thumbnail","6":"product_cat-lits-hopital-matelas-et-tables-de-chevet","7":"product_cat-lits-et-lits-pediatriques","9":"first","10":"onbackorder","11":"taxable","12":"shipping-taxable","13":"purchasable","14":"product-type-simple"},"acf":{"fornitore":"GIMA","standard_accessori":"","unita_misura":"1 pz."},"_links":{"self":[{"href":"https:\/\/chmedica.ch\/fr\/wp-json\/wp\/v2\/product\/42805","targetHints":{"allow":["GET"]}}],"collection":[{"href":"https:\/\/chmedica.ch\/fr\/wp-json\/wp\/v2\/product"}],"about":[{"href":"https:\/\/chmedica.ch\/fr\/wp-json\/wp\/v2\/types\/product"}],"wp:featuredmedia":[{"embeddable":true,"href":"https:\/\/chmedica.ch\/fr\/wp-json\/wp\/v2\/media\/42799"}],"wp:attachment":[{"href":"https:\/\/chmedica.ch\/fr\/wp-json\/wp\/v2\/media?parent=42805"}],"wp:term":[{"taxonomy":"product_brand","embeddable":true,"href":"https:\/\/chmedica.ch\/fr\/wp-json\/wp\/v2\/product_brand?post=42805"},{"taxonomy":"product_cat","embeddable":true,"href":"https:\/\/chmedica.ch\/fr\/wp-json\/wp\/v2\/product_cat?post=42805"},{"taxonomy":"product_tag","embeddable":true,"href":"https:\/\/chmedica.ch\/fr\/wp-json\/wp\/v2\/product_tag?post=42805"}],"curies":[{"name":"wp","href":"https:\/\/api.w.org\/{rel}","templated":true}]}}