{"id":42385,"date":"2023-06-22T18:50:19","date_gmt":"2023-06-22T16:50:19","guid":{"rendered":"https:\/\/chmedica.ch\/prodotto\/soehnle-8352-multina-pese-bebe-enfant-digital\/"},"modified":"2024-01-02T15:46:55","modified_gmt":"2024-01-02T14:46:55","slug":"soehnle-8352-multina-pese-bebe-enfant-digital","status":"publish","type":"product","link":"https:\/\/chmedica.ch\/fr\/produit\/soehnle-8352-multina-pese-bebe-enfant-digital\/","title":{"rendered":"SOEHNLE 8352 MULTINA &#8211; P\u00c8SE-B\u00c9B\u00c9\/ENFANT DIGITAL"},"content":{"rendered":"<p>\u2022 Charge: 20 kg<br \/>\n\u2022 Dimensions: 601 x 346 x 92 mm<br \/>\n\u2022 Batterie: 9 V<br \/>\n\u2022 Sensibilit\u00e9: 10 g<br \/>\n\u2022 Poids: 3.5 kg<br \/>\n\u2022 Garantie: 2 ans<br \/>\n\u2022 Fabriqu\u00e9 en Allemagne<\/p>\n","protected":false},"excerpt":{"rendered":"<p>P\u00c8SE B\u00c9B\u00c9 ET P\u00c8SE ENFANT NUM\u00c9RIQUE SOEHNLE 8352 MULTINA<\/p>\n<p>P\u00e8se b\u00e9b\u00e9 pratique et bien con\u00e7u, fabriqu\u00e9 en plastique facile \u00e0 nettoyer.<br \/>\n&#8211; plateau de pes\u00e9e amovible<br \/>\n&#8211; possibilit\u00e9 de peser les enfants jusqu&rsquo;\u00e0 20 kg en \u00e9liminant le plateau<br \/>\n&#8211; \u00e9cran LCD facile \u00e0 lire gr\u00e2ce aux chiffres de 13 mm<br \/>\n&#8211; un seul bouton pour toutes les fonctions<br \/>\n&#8211; compl\u00e8tement \u00e9lectronique: ne n\u00e9cessite ni de pi\u00e8ces de rechange ni d&rsquo;entretien<br \/>\n&#8211; fonction de tare pour exclure le poids des draps et des textiles<br \/>\n&#8211; fonction d&rsquo;attente: la valeur du poids reste affich\u00e9e jusqu&rsquo;\u00e0 10 secondes apr\u00e8s la pes\u00e9e<br \/>\n&#8211; arr\u00eat automatique pour \u00e9conomiser l&rsquo;\u00e9nergie<\/p>\n<p>Mode d&#8217;emploi en: DE, GB, FR, IT, ES, NL, DK, SE, HU, FI, PT.<\/p>\n","protected":false},"featured_media":42367,"template":"","meta":{"_acf_changed":false},"product_brand":[],"product_cat":[946,1080],"product_tag":[],"class_list":{"0":"post-42385","1":"product","2":"type-product","3":"status-publish","4":"has-post-thumbnail","6":"product_cat-balance-et-le-compteur-medical","7":"product_cat-pese-bebe-medical","9":"first","10":"onbackorder","11":"taxable","12":"shipping-taxable","13":"purchasable","14":"product-type-simple"},"acf":{"fornitore":"GIMA","standard_accessori":"","unita_misura":"1 pz."},"_links":{"self":[{"href":"https:\/\/chmedica.ch\/fr\/wp-json\/wp\/v2\/product\/42385","targetHints":{"allow":["GET"]}}],"collection":[{"href":"https:\/\/chmedica.ch\/fr\/wp-json\/wp\/v2\/product"}],"about":[{"href":"https:\/\/chmedica.ch\/fr\/wp-json\/wp\/v2\/types\/product"}],"wp:featuredmedia":[{"embeddable":true,"href":"https:\/\/chmedica.ch\/fr\/wp-json\/wp\/v2\/media\/42367"}],"wp:attachment":[{"href":"https:\/\/chmedica.ch\/fr\/wp-json\/wp\/v2\/media?parent=42385"}],"wp:term":[{"taxonomy":"product_brand","embeddable":true,"href":"https:\/\/chmedica.ch\/fr\/wp-json\/wp\/v2\/product_brand?post=42385"},{"taxonomy":"product_cat","embeddable":true,"href":"https:\/\/chmedica.ch\/fr\/wp-json\/wp\/v2\/product_cat?post=42385"},{"taxonomy":"product_tag","embeddable":true,"href":"https:\/\/chmedica.ch\/fr\/wp-json\/wp\/v2\/product_tag?post=42385"}],"curies":[{"name":"wp","href":"https:\/\/api.w.org\/{rel}","templated":true}]}}