{"id":42100,"date":"2023-06-22T18:47:50","date_gmt":"2023-06-22T16:47:50","guid":{"rendered":"https:\/\/chmedica.ch\/prodotto\/trousse-de-premiers-soins-bleu-vide\/"},"modified":"2024-01-02T15:29:21","modified_gmt":"2024-01-02T14:29:21","slug":"trousse-de-premiers-soins-bleu-vide","status":"publish","type":"product","link":"https:\/\/chmedica.ch\/fr\/produit\/trousse-de-premiers-soins-bleu-vide\/","title":{"rendered":"TROUSSE DE PREMIERS SOINS &#8211; bleu &#8211; vide"},"content":{"rendered":"","protected":false},"excerpt":{"rendered":"<p>TROUSSE DE PREMIERS SOINS<\/p>\n<p>Trousse de premiers soins munie de 2 poches internes transparentes, une poche externe, s\u00e9paration interne avec 2 fermetures \u00e9clair de chaque cot\u00e9, une poign\u00e9e et une bandouli\u00e8re.<\/p>\n<p>Dimensions: 31 x 22 x 11 cm<\/p>\n","protected":false},"featured_media":42088,"template":"","meta":{"_acf_changed":false},"product_brand":[],"product_cat":[1164,806],"product_tag":[],"class_list":{"0":"post-42100","1":"product","2":"type-product","3":"status-publish","4":"has-post-thumbnail","6":"product_cat-sacs-en-nylon-et-sacs-a-dos","7":"product_cat-sacs-medicaux","9":"first","10":"onbackorder","11":"taxable","12":"shipping-taxable","13":"purchasable","14":"product-type-simple"},"acf":{"fornitore":"GIMA","standard_accessori":"","unita_misura":"1 pz."},"_links":{"self":[{"href":"https:\/\/chmedica.ch\/fr\/wp-json\/wp\/v2\/product\/42100","targetHints":{"allow":["GET"]}}],"collection":[{"href":"https:\/\/chmedica.ch\/fr\/wp-json\/wp\/v2\/product"}],"about":[{"href":"https:\/\/chmedica.ch\/fr\/wp-json\/wp\/v2\/types\/product"}],"wp:featuredmedia":[{"embeddable":true,"href":"https:\/\/chmedica.ch\/fr\/wp-json\/wp\/v2\/media\/42088"}],"wp:attachment":[{"href":"https:\/\/chmedica.ch\/fr\/wp-json\/wp\/v2\/media?parent=42100"}],"wp:term":[{"taxonomy":"product_brand","embeddable":true,"href":"https:\/\/chmedica.ch\/fr\/wp-json\/wp\/v2\/product_brand?post=42100"},{"taxonomy":"product_cat","embeddable":true,"href":"https:\/\/chmedica.ch\/fr\/wp-json\/wp\/v2\/product_cat?post=42100"},{"taxonomy":"product_tag","embeddable":true,"href":"https:\/\/chmedica.ch\/fr\/wp-json\/wp\/v2\/product_tag?post=42100"}],"curies":[{"name":"wp","href":"https:\/\/api.w.org\/{rel}","templated":true}]}}