{"id":42085,"date":"2023-06-22T18:47:44","date_gmt":"2023-06-22T16:47:44","guid":{"rendered":"https:\/\/chmedica.ch\/prodotto\/sac-medical-utility-nylon-beige\/"},"modified":"2024-01-02T15:29:02","modified_gmt":"2024-01-02T14:29:02","slug":"sac-medical-utility-nylon-beige","status":"publish","type":"product","link":"https:\/\/chmedica.ch\/fr\/produit\/sac-medical-utility-nylon-beige\/","title":{"rendered":"SAC M\u00c9DICAL \u00ab\u00a0UTILITY\u00a0\u00bb &#8211; nylon beige"},"content":{"rendered":"","protected":false},"excerpt":{"rendered":"<p>Sac m\u00e9dical pratique pour le transport des instruments et des m\u00e9dicaments, avec 8 s\u00e9parations internes modulables, 3 poches externes, 8 attaches \u00e9lastiques, 1 poche interne avec fermeture \u00e0 glissi\u00e8re, 1 mini-trousse amovible (17 x 3 x h 24 cm).<\/p>\n<p>Dimensions: 36 x 22 x h 25 cm.<\/p>\n<p>Fabriqu\u00e9 en polyester 600D imperm\u00e9able.<\/p>\n","protected":false},"featured_media":42049,"template":"","meta":{"_acf_changed":false},"product_brand":[],"product_cat":[1164,806],"product_tag":[],"class_list":{"0":"post-42085","1":"product","2":"type-product","3":"status-publish","4":"has-post-thumbnail","6":"product_cat-sacs-en-nylon-et-sacs-a-dos","7":"product_cat-sacs-medicaux","9":"first","10":"onbackorder","11":"taxable","12":"shipping-taxable","13":"purchasable","14":"product-type-simple"},"acf":{"fornitore":"GIMA","standard_accessori":"","unita_misura":"1 pz."},"_links":{"self":[{"href":"https:\/\/chmedica.ch\/fr\/wp-json\/wp\/v2\/product\/42085","targetHints":{"allow":["GET"]}}],"collection":[{"href":"https:\/\/chmedica.ch\/fr\/wp-json\/wp\/v2\/product"}],"about":[{"href":"https:\/\/chmedica.ch\/fr\/wp-json\/wp\/v2\/types\/product"}],"wp:featuredmedia":[{"embeddable":true,"href":"https:\/\/chmedica.ch\/fr\/wp-json\/wp\/v2\/media\/42049"}],"wp:attachment":[{"href":"https:\/\/chmedica.ch\/fr\/wp-json\/wp\/v2\/media?parent=42085"}],"wp:term":[{"taxonomy":"product_brand","embeddable":true,"href":"https:\/\/chmedica.ch\/fr\/wp-json\/wp\/v2\/product_brand?post=42085"},{"taxonomy":"product_cat","embeddable":true,"href":"https:\/\/chmedica.ch\/fr\/wp-json\/wp\/v2\/product_cat?post=42085"},{"taxonomy":"product_tag","embeddable":true,"href":"https:\/\/chmedica.ch\/fr\/wp-json\/wp\/v2\/product_tag?post=42085"}],"curies":[{"name":"wp","href":"https:\/\/api.w.org\/{rel}","templated":true}]}}