{"id":40864,"date":"2023-06-22T18:37:57","date_gmt":"2023-06-22T16:37:57","guid":{"rendered":"https:\/\/chmedica.ch\/prodotto\/serie-decarteurs-roux\/"},"modified":"2024-01-02T15:10:51","modified_gmt":"2024-01-02T14:10:51","slug":"serie-decarteurs-roux","status":"publish","type":"product","link":"https:\/\/chmedica.ch\/fr\/produit\/serie-decarteurs-roux\/","title":{"rendered":"S\u00c9RIE D&rsquo;\u00c9CARTEURS ROUX"},"content":{"rendered":"","protected":false},"excerpt":{"rendered":"<p>Set 5 \u00e8carteur en acier inox Roux:<\/p>\n<p>\u2022 20 x 22 mm \/ 25 x 29 mm &#8211; 15 cm<br \/>\n\u2022 25 x 26 mm \/ 30 x 38 mm &#8211; 16 cm<br \/>\n\u2022 28 x 29 mm \/ 33 x 44 mm &#8211; 17 cm<\/p>\n<p>\u2022 28 x 24 mm \/ 43 x 24 mm &#8211; 17 cm<br \/>\n\u2022 28 x 28 mm \/ 46 x 28 mm &#8211; 19 cm<\/p>\n","protected":false},"featured_media":40858,"template":"","meta":{"_acf_changed":false},"product_brand":[],"product_cat":[910,1170],"product_tag":[],"class_list":{"0":"post-40864","1":"product","2":"type-product","3":"status-publish","4":"has-post-thumbnail","6":"product_cat-instrumentation-generique-inox","7":"product_cat-retracteurs","9":"first","10":"onbackorder","11":"taxable","12":"shipping-taxable","13":"purchasable","14":"product-type-simple"},"acf":{"fornitore":"GIMA","standard_accessori":"","unita_misura":"1 set"},"_links":{"self":[{"href":"https:\/\/chmedica.ch\/fr\/wp-json\/wp\/v2\/product\/40864","targetHints":{"allow":["GET"]}}],"collection":[{"href":"https:\/\/chmedica.ch\/fr\/wp-json\/wp\/v2\/product"}],"about":[{"href":"https:\/\/chmedica.ch\/fr\/wp-json\/wp\/v2\/types\/product"}],"wp:featuredmedia":[{"embeddable":true,"href":"https:\/\/chmedica.ch\/fr\/wp-json\/wp\/v2\/media\/40858"}],"wp:attachment":[{"href":"https:\/\/chmedica.ch\/fr\/wp-json\/wp\/v2\/media?parent=40864"}],"wp:term":[{"taxonomy":"product_brand","embeddable":true,"href":"https:\/\/chmedica.ch\/fr\/wp-json\/wp\/v2\/product_brand?post=40864"},{"taxonomy":"product_cat","embeddable":true,"href":"https:\/\/chmedica.ch\/fr\/wp-json\/wp\/v2\/product_cat?post=40864"},{"taxonomy":"product_tag","embeddable":true,"href":"https:\/\/chmedica.ch\/fr\/wp-json\/wp\/v2\/product_tag?post=40864"}],"curies":[{"name":"wp","href":"https:\/\/api.w.org\/{rel}","templated":true}]}}