{"id":40390,"date":"2023-06-22T18:33:09","date_gmt":"2023-06-22T16:33:09","guid":{"rendered":"https:\/\/chmedica.ch\/prodotto\/pince-a-pansement-de-bozeman-courbee-26-cm\/"},"modified":"2024-01-02T15:04:31","modified_gmt":"2024-01-02T14:04:31","slug":"pince-a-pansement-de-bozeman-courbee-26-cm","status":"publish","type":"product","link":"https:\/\/chmedica.ch\/fr\/produit\/pince-a-pansement-de-bozeman-courbee-26-cm\/","title":{"rendered":"PINCE \u00c0 PANSEMENT DE BOZEMAN &#8211; COURB\u00c9E &#8211; 26 cm"},"content":{"rendered":"","protected":false},"excerpt":{"rendered":"<p>Pince \u00e0 pansement de Bozeman courbe &#8211; 26 cm<br \/>\nInstrument de gyn\u00e9cologie.<\/p>\n","protected":false},"featured_media":40384,"template":"","meta":{"_acf_changed":false},"product_brand":[],"product_cat":[910,1100],"product_tag":[],"class_list":{"0":"post-40390","1":"product","2":"type-product","3":"status-publish","4":"has-post-thumbnail","6":"product_cat-instrumentation-generique-inox","7":"product_cat-pince","9":"first","10":"onbackorder","11":"taxable","12":"shipping-taxable","13":"purchasable","14":"product-type-simple"},"acf":{"fornitore":"GIMA","standard_accessori":"","unita_misura":"1 pz."},"_links":{"self":[{"href":"https:\/\/chmedica.ch\/fr\/wp-json\/wp\/v2\/product\/40390","targetHints":{"allow":["GET"]}}],"collection":[{"href":"https:\/\/chmedica.ch\/fr\/wp-json\/wp\/v2\/product"}],"about":[{"href":"https:\/\/chmedica.ch\/fr\/wp-json\/wp\/v2\/types\/product"}],"wp:featuredmedia":[{"embeddable":true,"href":"https:\/\/chmedica.ch\/fr\/wp-json\/wp\/v2\/media\/40384"}],"wp:attachment":[{"href":"https:\/\/chmedica.ch\/fr\/wp-json\/wp\/v2\/media?parent=40390"}],"wp:term":[{"taxonomy":"product_brand","embeddable":true,"href":"https:\/\/chmedica.ch\/fr\/wp-json\/wp\/v2\/product_brand?post=40390"},{"taxonomy":"product_cat","embeddable":true,"href":"https:\/\/chmedica.ch\/fr\/wp-json\/wp\/v2\/product_cat?post=40390"},{"taxonomy":"product_tag","embeddable":true,"href":"https:\/\/chmedica.ch\/fr\/wp-json\/wp\/v2\/product_tag?post=40390"}],"curies":[{"name":"wp","href":"https:\/\/api.w.org\/{rel}","templated":true}]}}