{"id":39976,"date":"2023-06-22T18:29:29","date_gmt":"2023-06-22T16:29:29","guid":{"rendered":"https:\/\/chmedica.ch\/prodotto\/cuvette-inox-diam-310-x-h-72-mm\/"},"modified":"2024-01-02T14:40:21","modified_gmt":"2024-01-02T13:40:21","slug":"cuvette-inox-diam-310-x-h-72-mm","status":"publish","type":"product","link":"https:\/\/chmedica.ch\/fr\/produit\/cuvette-inox-diam-310-x-h-72-mm\/","title":{"rendered":"CUVETTE INOX diam. 310 x h 72 mm"},"content":{"rendered":"<p>\u2022 Autoclavable \u00e0 121\u00b0C<br \/>\n\u2022 AISI 304<\/p>\n","protected":false},"excerpt":{"rendered":"<p>Instruments en acier inoxydable AISI 304<\/p>\n<p>\u2022 Cuvette 18\/8 &#8211; peu profond<br \/>\n\u2022 Dimensions: \u00d8 310 x h 72 mm  (pour tous les couvettes et les cupules nous indiquons le \u00d8 sup\u00e9rieur)<br \/>\n\u2022 Capacit\u00e9: 3 l<\/p>\n","protected":false},"featured_media":39970,"template":"","meta":{"_acf_changed":false},"product_brand":[],"product_cat":[866,1114],"product_tag":[],"class_list":{"0":"post-39976","1":"product","2":"type-product","3":"status-publish","4":"has-post-thumbnail","6":"product_cat-instruments-chirurgicaux","7":"product_cat-plateaux-bassins-boites-inox","9":"first","10":"onbackorder","11":"taxable","12":"shipping-taxable","13":"purchasable","14":"product-type-simple"},"acf":{"fornitore":"GIMA","standard_accessori":"","unita_misura":"1 pz."},"_links":{"self":[{"href":"https:\/\/chmedica.ch\/fr\/wp-json\/wp\/v2\/product\/39976","targetHints":{"allow":["GET"]}}],"collection":[{"href":"https:\/\/chmedica.ch\/fr\/wp-json\/wp\/v2\/product"}],"about":[{"href":"https:\/\/chmedica.ch\/fr\/wp-json\/wp\/v2\/types\/product"}],"wp:featuredmedia":[{"embeddable":true,"href":"https:\/\/chmedica.ch\/fr\/wp-json\/wp\/v2\/media\/39970"}],"wp:attachment":[{"href":"https:\/\/chmedica.ch\/fr\/wp-json\/wp\/v2\/media?parent=39976"}],"wp:term":[{"taxonomy":"product_brand","embeddable":true,"href":"https:\/\/chmedica.ch\/fr\/wp-json\/wp\/v2\/product_brand?post=39976"},{"taxonomy":"product_cat","embeddable":true,"href":"https:\/\/chmedica.ch\/fr\/wp-json\/wp\/v2\/product_cat?post=39976"},{"taxonomy":"product_tag","embeddable":true,"href":"https:\/\/chmedica.ch\/fr\/wp-json\/wp\/v2\/product_tag?post=39976"}],"curies":[{"name":"wp","href":"https:\/\/api.w.org\/{rel}","templated":true}]}}