{"id":39952,"date":"2023-06-22T18:29:15","date_gmt":"2023-06-22T16:29:15","guid":{"rendered":"https:\/\/chmedica.ch\/prodotto\/ciseaux-ligne-gold-coupe-fil-14-cm-fil-souple-0-1-mm\/"},"modified":"2024-01-02T14:38:29","modified_gmt":"2024-01-02T13:38:29","slug":"ciseaux-ligne-gold-coupe-fil-14-cm-fil-souple-0-1-mm","status":"publish","type":"product","link":"https:\/\/chmedica.ch\/fr\/produit\/ciseaux-ligne-gold-coupe-fil-14-cm-fil-souple-0-1-mm\/","title":{"rendered":"CISEAUX LIGNE GOLD COUPE-FIL &#8211; 14 cm &#8211; fil souple 0-1 mm"},"content":{"rendered":"","protected":false},"excerpt":{"rendered":"<p>LIGNE GOLD &#8211; INSTRUMENTS EN CARBURE DE TUNGST\u00c8NE<\/p>\n<p>Ligne d&rsquo;instruments haute gamme en carbure de tungst\u00e8ne acier inox AISI 410 (AISI 420 pour les ciseaux) avec pointes tr\u00e8s solides, fabriqu\u00e9es en Allemagne pour aider les chirurgiens \u00e0 atteindre d&rsquo;excellents r\u00e9sultats lors de leurs actes chirurgicaux de pr\u00e9cision.<\/p>\n<p>Extr\u00eamement fiables gr\u00e2ce \u00e0 leur r\u00e9sistance \u00e9lev\u00e9e \u00e0 l&rsquo;usure et \u00e0 la corrosion.<\/p>\n<p>Instructions: GB, FR, IT, ES, PT, DE, GR, Arabe.<\/p>\n","protected":false},"featured_media":39946,"template":"","meta":{"_acf_changed":false},"product_brand":[],"product_cat":[1122,866],"product_tag":[],"class_list":{"0":"post-39952","1":"product","2":"type-product","3":"status-publish","4":"has-post-thumbnail","6":"product_cat-instrumentation-tungstene-et-speciale","7":"product_cat-instruments-chirurgicaux","9":"first","10":"onbackorder","11":"taxable","12":"shipping-taxable","13":"purchasable","14":"product-type-simple"},"acf":{"fornitore":"GIMA","standard_accessori":"","unita_misura":"1 pz."},"_links":{"self":[{"href":"https:\/\/chmedica.ch\/fr\/wp-json\/wp\/v2\/product\/39952","targetHints":{"allow":["GET"]}}],"collection":[{"href":"https:\/\/chmedica.ch\/fr\/wp-json\/wp\/v2\/product"}],"about":[{"href":"https:\/\/chmedica.ch\/fr\/wp-json\/wp\/v2\/types\/product"}],"wp:featuredmedia":[{"embeddable":true,"href":"https:\/\/chmedica.ch\/fr\/wp-json\/wp\/v2\/media\/39946"}],"wp:attachment":[{"href":"https:\/\/chmedica.ch\/fr\/wp-json\/wp\/v2\/media?parent=39952"}],"wp:term":[{"taxonomy":"product_brand","embeddable":true,"href":"https:\/\/chmedica.ch\/fr\/wp-json\/wp\/v2\/product_brand?post=39952"},{"taxonomy":"product_cat","embeddable":true,"href":"https:\/\/chmedica.ch\/fr\/wp-json\/wp\/v2\/product_cat?post=39952"},{"taxonomy":"product_tag","embeddable":true,"href":"https:\/\/chmedica.ch\/fr\/wp-json\/wp\/v2\/product_tag?post=39952"}],"curies":[{"name":"wp","href":"https:\/\/api.w.org\/{rel}","templated":true}]}}