{"id":39349,"date":"2023-06-22T18:24:24","date_gmt":"2023-06-22T16:24:24","guid":{"rendered":"https:\/\/chmedica.ch\/prodotto\/ecrase-comprimes-silent-knight\/"},"modified":"2024-01-02T13:55:35","modified_gmt":"2024-01-02T12:55:35","slug":"ecrase-comprimes-silent-knight","status":"publish","type":"product","link":"https:\/\/chmedica.ch\/fr\/produit\/ecrase-comprimes-silent-knight\/","title":{"rendered":"\u00c9CRASE-COMPRIM\u00c9S SILENT KNIGHT"},"content":{"rendered":"","protected":false},"excerpt":{"rendered":"<p>\u00c9CRASE-COMPRIM\u00c9S SILENT KNIGHT<\/p>\n<p>\u00c9crase-comprim\u00e9s professionnel et silencieux pour h\u00f4pitaux, il r\u00e9duit les comprim\u00e9s en poudre fine au bout de quelques secondes, facilement et sans effort.<br \/>\nLes sachets \u00e9vitent la contamination crois\u00e9e et la perte de m\u00e9dicament.<\/p>\n<p>Poign\u00e9e ergonomique pour un emploi sans effort.<br \/>\nPlace pour 50 sachets.<br \/>\nBase et poign\u00e9e l\u00e8g\u00e9res et robustes en aluminium.<br \/>\nStabilit\u00e9 parfaite.<\/p>\n<p>\u2022 \u00e9tape 1: introduire les comprim\u00e9s dans le sachet de l\u2019\u00e9crase-comprim\u00e9s. Soulever la poign\u00e9e et d\u00e9poser le sachet entre les plaques de l\u2019\u00e9crase-comprim\u00e9s pour lancer l\u2019\u00e9crasement.<br \/>\n\u2022 \u00e9tape 2: baisser la poign\u00e9e pour \u00e9craser les comprim\u00e9s.<br \/>\n\u2022 \u00e9tape 3: baisser la poign\u00e9e pour d\u00e9clencher le mouvement de broyage. Baisser la poign\u00e9e plusieurs fois pour broyer les comprim\u00e9s en poudre fine.<br \/>\n\u2022 \u00e9tape 4: extraire le sachet.<\/p>\n","protected":false},"featured_media":39319,"template":"","meta":{"_acf_changed":false},"product_brand":[],"product_cat":[942,1746],"product_tag":[],"class_list":{"0":"post-39349","1":"product","2":"type-product","3":"status-publish","4":"has-post-thumbnail","6":"product_cat-coupe-pilules-broyeur-pilules-pilulier","7":"product_cat-pill-cutters-pill-crushers","9":"first","10":"onbackorder","11":"taxable","12":"shipping-taxable","13":"purchasable","14":"product-type-simple"},"acf":{"fornitore":"GIMA","standard_accessori":"","unita_misura":"1 pz."},"_links":{"self":[{"href":"https:\/\/chmedica.ch\/fr\/wp-json\/wp\/v2\/product\/39349","targetHints":{"allow":["GET"]}}],"collection":[{"href":"https:\/\/chmedica.ch\/fr\/wp-json\/wp\/v2\/product"}],"about":[{"href":"https:\/\/chmedica.ch\/fr\/wp-json\/wp\/v2\/types\/product"}],"wp:featuredmedia":[{"embeddable":true,"href":"https:\/\/chmedica.ch\/fr\/wp-json\/wp\/v2\/media\/39319"}],"wp:attachment":[{"href":"https:\/\/chmedica.ch\/fr\/wp-json\/wp\/v2\/media?parent=39349"}],"wp:term":[{"taxonomy":"product_brand","embeddable":true,"href":"https:\/\/chmedica.ch\/fr\/wp-json\/wp\/v2\/product_brand?post=39349"},{"taxonomy":"product_cat","embeddable":true,"href":"https:\/\/chmedica.ch\/fr\/wp-json\/wp\/v2\/product_cat?post=39349"},{"taxonomy":"product_tag","embeddable":true,"href":"https:\/\/chmedica.ch\/fr\/wp-json\/wp\/v2\/product_tag?post=39349"}],"curies":[{"name":"wp","href":"https:\/\/api.w.org\/{rel}","templated":true}]}}