{"id":38947,"date":"2023-06-22T18:22:02","date_gmt":"2023-06-22T16:22:02","guid":{"rendered":"https:\/\/chmedica.ch\/prodotto\/garrot-gima-velcro\/"},"modified":"2024-01-02T13:43:57","modified_gmt":"2024-01-02T12:43:57","slug":"garrot-gima-velcro","status":"publish","type":"product","link":"https:\/\/chmedica.ch\/fr\/produit\/garrot-gima-velcro\/","title":{"rendered":"GARROT GIMA &#8211; velcro"},"content":{"rendered":"","protected":false},"excerpt":{"rendered":"<p>GARROTS GIMA<\/p>\n<p>\u2022 GARROTS: GARROT GIMA<br \/>\n\u2022 Material: Bande caoutchouc, rev\u00eat. t\u00e9ryl\u00e8ne<br \/>\n\u2022 Coloris: jaune<br \/>\n\u2022 Longueur: 40 cm<br \/>\n\u2022 Largeur: 2,5 cm<br \/>\n\u2022 Syst\u00e8mes de fermeture: velcro<\/p>\n<p>Solutions simples et efficaces pour le milieu hospitalier.<br \/>\nVelcro: pour une fermeture facile<br \/>\nBo\u00eete multilingue: GB, FR, IT, DE, ES, PT, GR, Arabe.<\/p>\n","protected":false},"featured_media":38941,"template":"","meta":{"_acf_changed":false},"product_brand":[],"product_cat":[764,1710],"product_tag":[],"class_list":{"0":"post-38947","1":"product","2":"type-product","3":"status-publish","4":"has-post-thumbnail","6":"product_cat-articles-sanitaires-pour-pharmacies","7":"product_cat-tourniquets-fr","9":"first","10":"onbackorder","11":"taxable","12":"shipping-taxable","13":"purchasable","14":"product-type-simple"},"acf":{"fornitore":"GIMA","standard_accessori":"","unita_misura":"1 pz."},"_links":{"self":[{"href":"https:\/\/chmedica.ch\/fr\/wp-json\/wp\/v2\/product\/38947","targetHints":{"allow":["GET"]}}],"collection":[{"href":"https:\/\/chmedica.ch\/fr\/wp-json\/wp\/v2\/product"}],"about":[{"href":"https:\/\/chmedica.ch\/fr\/wp-json\/wp\/v2\/types\/product"}],"wp:featuredmedia":[{"embeddable":true,"href":"https:\/\/chmedica.ch\/fr\/wp-json\/wp\/v2\/media\/38941"}],"wp:attachment":[{"href":"https:\/\/chmedica.ch\/fr\/wp-json\/wp\/v2\/media?parent=38947"}],"wp:term":[{"taxonomy":"product_brand","embeddable":true,"href":"https:\/\/chmedica.ch\/fr\/wp-json\/wp\/v2\/product_brand?post=38947"},{"taxonomy":"product_cat","embeddable":true,"href":"https:\/\/chmedica.ch\/fr\/wp-json\/wp\/v2\/product_cat?post=38947"},{"taxonomy":"product_tag","embeddable":true,"href":"https:\/\/chmedica.ch\/fr\/wp-json\/wp\/v2\/product_tag?post=38947"}],"curies":[{"name":"wp","href":"https:\/\/api.w.org\/{rel}","templated":true}]}}