{"id":38626,"date":"2023-06-22T18:19:31","date_gmt":"2023-06-22T16:19:31","guid":{"rendered":"https:\/\/chmedica.ch\/prodotto\/abaisse-langues-en-bois-non-steriles\/"},"modified":"2026-02-20T10:44:21","modified_gmt":"2026-02-20T09:44:21","slug":"abaisse-langues-en-bois-non-steriles","status":"publish","type":"product","link":"https:\/\/chmedica.ch\/fr\/produit\/abaisse-langues-en-bois-non-steriles\/","title":{"rendered":"ABAISSE-LANGUES EN BOIS &#8211; non st\u00e9riles"},"content":{"rendered":"","protected":false},"excerpt":{"rendered":"<p>Abaisse-langues m\u00e9dicaux, en bois de bouleau de qualit\u00e9. Finition pr\u00e9cise des bords.<\/p>\n<p>Dimensions: 152 x 18 x 1,6 mm.<br \/>\nBo\u00eete de 100 pcs.<\/p>\n","protected":false},"featured_media":38620,"template":"","meta":{"_acf_changed":false},"product_brand":[],"product_cat":[1722,764],"product_tag":[],"class_list":{"0":"post-38626","1":"product","2":"type-product","3":"status-publish","4":"has-post-thumbnail","6":"product_cat-abaisse-langue-sanitari-farmacia","7":"product_cat-articles-sanitaires-pour-pharmacies","9":"first","10":"onbackorder","11":"taxable","12":"shipping-taxable","13":"purchasable","14":"product-type-simple"},"acf":{"fornitore":"GIMA","standard_accessori":"","unita_misura":"conf. 100 pz."},"_links":{"self":[{"href":"https:\/\/chmedica.ch\/fr\/wp-json\/wp\/v2\/product\/38626","targetHints":{"allow":["GET"]}}],"collection":[{"href":"https:\/\/chmedica.ch\/fr\/wp-json\/wp\/v2\/product"}],"about":[{"href":"https:\/\/chmedica.ch\/fr\/wp-json\/wp\/v2\/types\/product"}],"wp:featuredmedia":[{"embeddable":true,"href":"https:\/\/chmedica.ch\/fr\/wp-json\/wp\/v2\/media\/38620"}],"wp:attachment":[{"href":"https:\/\/chmedica.ch\/fr\/wp-json\/wp\/v2\/media?parent=38626"}],"wp:term":[{"taxonomy":"product_brand","embeddable":true,"href":"https:\/\/chmedica.ch\/fr\/wp-json\/wp\/v2\/product_brand?post=38626"},{"taxonomy":"product_cat","embeddable":true,"href":"https:\/\/chmedica.ch\/fr\/wp-json\/wp\/v2\/product_cat?post=38626"},{"taxonomy":"product_tag","embeddable":true,"href":"https:\/\/chmedica.ch\/fr\/wp-json\/wp\/v2\/product_tag?post=38626"}],"curies":[{"name":"wp","href":"https:\/\/api.w.org\/{rel}","templated":true}]}}