{"id":38536,"date":"2023-06-22T18:18:52","date_gmt":"2023-06-22T16:18:52","guid":{"rendered":"https:\/\/chmedica.ch\/prodotto\/pharmadoct-baume-pour-levres-classic-caisse-de-12-boites\/"},"modified":"2024-01-02T13:22:03","modified_gmt":"2024-01-02T12:22:03","slug":"pharmadoct-baume-pour-levres-classic-caisse-de-12-boites","status":"publish","type":"product","link":"https:\/\/chmedica.ch\/fr\/produit\/pharmadoct-baume-pour-levres-classic-caisse-de-12-boites\/","title":{"rendered":"PHARMADOCT BAUME POUR L\u00c8VRES CLASSIC &#8211; caisse de 12 bo\u00eetes"},"content":{"rendered":"","protected":false},"excerpt":{"rendered":"<p>Ligne PHARMADOCT: premiers soins, m\u00e9dicaments, bien-\u00eatre.<\/p>\n<p>Tous les produits sont en plaquettes thermoform\u00e9es en 5 langues (GB, FR, IT, ES, DE).<\/p>\n","protected":false},"featured_media":38530,"template":"","meta":{"_acf_changed":false},"product_brand":[],"product_cat":[764,1876],"product_tag":[],"class_list":{"0":"post-38536","1":"product","2":"type-product","3":"status-publish","4":"has-post-thumbnail","6":"product_cat-articles-sanitaires-pour-pharmacies","7":"product_cat-produits-de-pharmacie-sous-blister-pharmadoct","9":"first","10":"onbackorder","11":"taxable","12":"shipping-taxable","13":"purchasable","14":"product-type-simple"},"acf":{"fornitore":"GIMA","standard_accessori":"","unita_misura":"1 cartone"},"_links":{"self":[{"href":"https:\/\/chmedica.ch\/fr\/wp-json\/wp\/v2\/product\/38536","targetHints":{"allow":["GET"]}}],"collection":[{"href":"https:\/\/chmedica.ch\/fr\/wp-json\/wp\/v2\/product"}],"about":[{"href":"https:\/\/chmedica.ch\/fr\/wp-json\/wp\/v2\/types\/product"}],"wp:featuredmedia":[{"embeddable":true,"href":"https:\/\/chmedica.ch\/fr\/wp-json\/wp\/v2\/media\/38530"}],"wp:attachment":[{"href":"https:\/\/chmedica.ch\/fr\/wp-json\/wp\/v2\/media?parent=38536"}],"wp:term":[{"taxonomy":"product_brand","embeddable":true,"href":"https:\/\/chmedica.ch\/fr\/wp-json\/wp\/v2\/product_brand?post=38536"},{"taxonomy":"product_cat","embeddable":true,"href":"https:\/\/chmedica.ch\/fr\/wp-json\/wp\/v2\/product_cat?post=38536"},{"taxonomy":"product_tag","embeddable":true,"href":"https:\/\/chmedica.ch\/fr\/wp-json\/wp\/v2\/product_tag?post=38536"}],"curies":[{"name":"wp","href":"https:\/\/api.w.org\/{rel}","templated":true}]}}