{"id":38434,"date":"2023-06-22T18:17:59","date_gmt":"2023-06-22T16:17:59","guid":{"rendered":"https:\/\/chmedica.ch\/prodotto\/serviettes-pliees-33x45-cm-lilas\/"},"modified":"2024-01-02T13:17:23","modified_gmt":"2024-01-02T12:17:23","slug":"serviettes-pliees-33x45-cm-lilas","status":"publish","type":"product","link":"https:\/\/chmedica.ch\/fr\/produit\/serviettes-pliees-33x45-cm-lilas\/","title":{"rendered":"SERVIETTES PLI\u00c9ES &#8211; 33&#215;45 cm lilas"},"content":{"rendered":"","protected":false},"excerpt":{"rendered":"<p>SERVIETTES PLI\u00c9ES<\/p>\n<p>\u2022 Serviettes 1+1 (1 \u00e9paisseurs en cellulose + 1 \u00e9paisseur en poly\u00e9thyl\u00e8ne)<br \/>\n\u2022 Dimensions: 33 x 45 cm<br \/>\n\u2022 Couleur: lilas<\/p>\n<p>Serviettes pli\u00e9es, pr\u00eates \u00e0 l&#8217;emploi. Les caract\u00e9ristiques sp\u00e9ciales des mat\u00e9riaux offrent une absorption et une imperm\u00e9abilit\u00e9 excellentes, pour un confort optimal du patient.<\/p>\n","protected":false},"featured_media":38428,"template":"","meta":{"_acf_changed":false},"product_brand":[],"product_cat":[962,1894],"product_tag":[],"class_list":{"0":"post-38434","1":"product","2":"type-product","3":"status-publish","4":"has-post-thumbnail","6":"product_cat-feuilles-de-papier-et-lingettes","7":"product_cat-lingettes","9":"first","10":"onbackorder","11":"taxable","12":"shipping-taxable","13":"purchasable","14":"product-type-simple"},"acf":{"fornitore":"GIMA","standard_accessori":"","unita_misura":"conf. 500 pz."},"_links":{"self":[{"href":"https:\/\/chmedica.ch\/fr\/wp-json\/wp\/v2\/product\/38434","targetHints":{"allow":["GET"]}}],"collection":[{"href":"https:\/\/chmedica.ch\/fr\/wp-json\/wp\/v2\/product"}],"about":[{"href":"https:\/\/chmedica.ch\/fr\/wp-json\/wp\/v2\/types\/product"}],"wp:featuredmedia":[{"embeddable":true,"href":"https:\/\/chmedica.ch\/fr\/wp-json\/wp\/v2\/media\/38428"}],"wp:attachment":[{"href":"https:\/\/chmedica.ch\/fr\/wp-json\/wp\/v2\/media?parent=38434"}],"wp:term":[{"taxonomy":"product_brand","embeddable":true,"href":"https:\/\/chmedica.ch\/fr\/wp-json\/wp\/v2\/product_brand?post=38434"},{"taxonomy":"product_cat","embeddable":true,"href":"https:\/\/chmedica.ch\/fr\/wp-json\/wp\/v2\/product_cat?post=38434"},{"taxonomy":"product_tag","embeddable":true,"href":"https:\/\/chmedica.ch\/fr\/wp-json\/wp\/v2\/product_tag?post=38434"}],"curies":[{"name":"wp","href":"https:\/\/api.w.org\/{rel}","templated":true}]}}