{"id":38047,"date":"2023-06-22T18:13:44","date_gmt":"2023-06-22T16:13:44","guid":{"rendered":"https:\/\/chmedica.ch\/prodotto\/adipometre-fat-1\/"},"modified":"2024-01-02T15:53:02","modified_gmt":"2024-01-02T14:53:02","slug":"adipometre-fat-1","status":"publish","type":"product","link":"https:\/\/chmedica.ch\/fr\/produit\/adipometre-fat-1\/","title":{"rendered":"ADIPOM\u00c8TRE FAT-1"},"content":{"rendered":"","protected":false},"excerpt":{"rendered":"<p>Adipom\u00e8tre professionnel, \u00e9conomique mais tr\u00e8s pr\u00e9cis, fabriqu\u00e9 en Italie.<br \/>\nMesure l\u2019\u00e9paisseur des plis cutan\u00e9s de diff\u00e9rentes parties du corps, selon les caract\u00e9ristiques d\u00e9velopp\u00e9es par Tanner et Whitehouse:<br \/>\n&#8211; pression sur le pli: environ 10 g\/mm2<br \/>\n&#8211; surface de contact sur le pli: environ 6 x 11 mm<br \/>\nPermet une \u00e9valuation correcte du statut nutritionnel du patient et de la r\u00e9partition sectorielle du tissu adipeux. Soulevez un pli de peau avec vos doigts et mesurez son \u00e9paisseur avec la pince: sur le haut de celui-ci une fl\u00e8che se d\u00e9place imm\u00e9diatement sur une \u00e9chelle gradu\u00e9e en mm pour mesurer le pli de peau (triceps, muscles sous-scapulaire, etc.) avec une pr\u00e9cision d\u2019env. \u00bd mm.<br \/>\nLa bande color\u00e9e plac\u00e9e \u00e0 c\u00f4t\u00e9 des graduations permet de comparer simultan\u00e9ment la valeur mesur\u00e9e avec diff\u00e9rents pourcentages de r\u00e9f\u00e9rence pour hommes et femmes.<br \/>\nInformation incluse dans le mode d\u2019emploi de l\u2019appareil, pour une interpr\u00e9tation facile des valeurs. Utile en di\u00e9t\u00e9tique, cardiologie, m\u00e9decine du sport, m\u00e9decine esth\u00e9tique, gyn\u00e9cologie, p\u00e9diatrie, etc.<br \/>\nManuel multilingue: FR, GB, IT, ES, DE, GR, PT, Arabe.<\/p>\n","protected":false},"featured_media":38041,"template":"","meta":{"_acf_changed":false},"product_brand":[],"product_cat":[946,1176],"product_tag":[],"class_list":{"0":"post-38047","1":"product","2":"type-product","3":"status-publish","4":"has-post-thumbnail","6":"product_cat-balance-et-le-compteur-medical","7":"product_cat-compteurs-de-masse-grasse-et-plicometres","9":"first","10":"onbackorder","11":"taxable","12":"shipping-taxable","13":"purchasable","14":"product-type-simple"},"acf":{"fornitore":"GIMA","standard_accessori":"","unita_misura":"1 pz."},"_links":{"self":[{"href":"https:\/\/chmedica.ch\/fr\/wp-json\/wp\/v2\/product\/38047","targetHints":{"allow":["GET"]}}],"collection":[{"href":"https:\/\/chmedica.ch\/fr\/wp-json\/wp\/v2\/product"}],"about":[{"href":"https:\/\/chmedica.ch\/fr\/wp-json\/wp\/v2\/types\/product"}],"wp:featuredmedia":[{"embeddable":true,"href":"https:\/\/chmedica.ch\/fr\/wp-json\/wp\/v2\/media\/38041"}],"wp:attachment":[{"href":"https:\/\/chmedica.ch\/fr\/wp-json\/wp\/v2\/media?parent=38047"}],"wp:term":[{"taxonomy":"product_brand","embeddable":true,"href":"https:\/\/chmedica.ch\/fr\/wp-json\/wp\/v2\/product_brand?post=38047"},{"taxonomy":"product_cat","embeddable":true,"href":"https:\/\/chmedica.ch\/fr\/wp-json\/wp\/v2\/product_cat?post=38047"},{"taxonomy":"product_tag","embeddable":true,"href":"https:\/\/chmedica.ch\/fr\/wp-json\/wp\/v2\/product_tag?post=38047"}],"curies":[{"name":"wp","href":"https:\/\/api.w.org\/{rel}","templated":true}]}}