{"id":37981,"date":"2023-06-22T18:13:17","date_gmt":"2023-06-22T16:13:17","guid":{"rendered":"https:\/\/chmedica.ch\/prodotto\/goniometre\/"},"modified":"2024-01-02T15:52:12","modified_gmt":"2024-01-02T14:52:12","slug":"goniometre","status":"publish","type":"product","link":"https:\/\/chmedica.ch\/fr\/produit\/goniometre\/","title":{"rendered":"GONIOM\u00c8TRE"},"content":{"rendered":"<p>\u2022 Dimensions: 205 x 45 mm<\/p>\n","protected":false},"excerpt":{"rendered":"<p>Utilis\u00e9s par les chirurgiens orthop\u00e9diques pour mesurer l&rsquo;amplitude de mouvement des articulations: coude, genoux et doigts.<br \/>\n\u00c9chelle circulaire pour v\u00e9rifier la taille de l&rsquo;articulation de la hanche et l&rsquo;angle du col du f\u00e9mur sur les radio.<\/p>\n","protected":false},"featured_media":37975,"template":"","meta":{"_acf_changed":false},"product_brand":[],"product_cat":[946,1900],"product_tag":[],"class_list":{"0":"post-37981","1":"product","2":"type-product","3":"status-publish","4":"has-post-thumbnail","6":"product_cat-balance-et-le-compteur-medical","7":"product_cat-compteurs-medicaux-et-cardiofrequencemetres","9":"first","10":"onbackorder","11":"taxable","12":"shipping-taxable","13":"purchasable","14":"product-type-simple"},"acf":{"fornitore":"GIMA","standard_accessori":"","unita_misura":"1 pz."},"_links":{"self":[{"href":"https:\/\/chmedica.ch\/fr\/wp-json\/wp\/v2\/product\/37981","targetHints":{"allow":["GET"]}}],"collection":[{"href":"https:\/\/chmedica.ch\/fr\/wp-json\/wp\/v2\/product"}],"about":[{"href":"https:\/\/chmedica.ch\/fr\/wp-json\/wp\/v2\/types\/product"}],"wp:featuredmedia":[{"embeddable":true,"href":"https:\/\/chmedica.ch\/fr\/wp-json\/wp\/v2\/media\/37975"}],"wp:attachment":[{"href":"https:\/\/chmedica.ch\/fr\/wp-json\/wp\/v2\/media?parent=37981"}],"wp:term":[{"taxonomy":"product_brand","embeddable":true,"href":"https:\/\/chmedica.ch\/fr\/wp-json\/wp\/v2\/product_brand?post=37981"},{"taxonomy":"product_cat","embeddable":true,"href":"https:\/\/chmedica.ch\/fr\/wp-json\/wp\/v2\/product_cat?post=37981"},{"taxonomy":"product_tag","embeddable":true,"href":"https:\/\/chmedica.ch\/fr\/wp-json\/wp\/v2\/product_tag?post=37981"}],"curies":[{"name":"wp","href":"https:\/\/api.w.org\/{rel}","templated":true}]}}