{"id":37972,"date":"2023-06-22T18:13:12","date_gmt":"2023-06-22T16:13:12","guid":{"rendered":"https:\/\/chmedica.ch\/prodotto\/goniometre-avec-regle-dechelle-de-douleur\/"},"modified":"2024-01-02T15:52:01","modified_gmt":"2024-01-02T14:52:01","slug":"goniometre-avec-regle-dechelle-de-douleur","status":"publish","type":"product","link":"https:\/\/chmedica.ch\/fr\/produit\/goniometre-avec-regle-dechelle-de-douleur\/","title":{"rendered":"GONIOM\u00c8TRE avec R\u00c8GLE D&rsquo;\u00c9CHELLE DE DOULEUR"},"content":{"rendered":"<p>\u2022 Dimensions: 203 x 45 x h 7 mm<\/p>\n","protected":false},"excerpt":{"rendered":"<p>GONIOM\u00c8TRE AVEC R\u00c8GLE D&rsquo;\u00c9CHELLE DE DOULEUR.<\/p>\n<p>Utilis\u00e9 par les chirurgiens orthop\u00e9diques pour mesurer l&rsquo;amplitude de mouvement des articulations: coude, genoux et doigts.<\/p>\n","protected":false},"featured_media":37960,"template":"","meta":{"_acf_changed":false},"product_brand":[],"product_cat":[946,1900],"product_tag":[],"class_list":{"0":"post-37972","1":"product","2":"type-product","3":"status-publish","4":"has-post-thumbnail","6":"product_cat-balance-et-le-compteur-medical","7":"product_cat-compteurs-medicaux-et-cardiofrequencemetres","9":"first","10":"onbackorder","11":"taxable","12":"shipping-taxable","13":"purchasable","14":"product-type-simple"},"acf":{"fornitore":"GIMA","standard_accessori":"","unita_misura":"1 pz."},"_links":{"self":[{"href":"https:\/\/chmedica.ch\/fr\/wp-json\/wp\/v2\/product\/37972","targetHints":{"allow":["GET"]}}],"collection":[{"href":"https:\/\/chmedica.ch\/fr\/wp-json\/wp\/v2\/product"}],"about":[{"href":"https:\/\/chmedica.ch\/fr\/wp-json\/wp\/v2\/types\/product"}],"wp:featuredmedia":[{"embeddable":true,"href":"https:\/\/chmedica.ch\/fr\/wp-json\/wp\/v2\/media\/37960"}],"wp:attachment":[{"href":"https:\/\/chmedica.ch\/fr\/wp-json\/wp\/v2\/media?parent=37972"}],"wp:term":[{"taxonomy":"product_brand","embeddable":true,"href":"https:\/\/chmedica.ch\/fr\/wp-json\/wp\/v2\/product_brand?post=37972"},{"taxonomy":"product_cat","embeddable":true,"href":"https:\/\/chmedica.ch\/fr\/wp-json\/wp\/v2\/product_cat?post=37972"},{"taxonomy":"product_tag","embeddable":true,"href":"https:\/\/chmedica.ch\/fr\/wp-json\/wp\/v2\/product_tag?post=37972"}],"curies":[{"name":"wp","href":"https:\/\/api.w.org\/{rel}","templated":true}]}}