{"id":37852,"date":"2023-06-22T18:12:15","date_gmt":"2023-06-22T16:12:15","guid":{"rendered":"https:\/\/chmedica.ch\/prodotto\/kit-detalonnage-pour-analyseur-de-masse-corporelle\/"},"modified":"2024-01-02T15:49:29","modified_gmt":"2024-01-02T14:49:29","slug":"kit-detalonnage-pour-analyseur-de-masse-corporelle","status":"publish","type":"product","link":"https:\/\/chmedica.ch\/fr\/produit\/kit-detalonnage-pour-analyseur-de-masse-corporelle\/","title":{"rendered":"KIT D&rsquo;\u00c9TALONNAGE pour Analyseur de Masse Corporelle"},"content":{"rendered":"","protected":false},"excerpt":{"rendered":"<p>Kit d&rsquo;\u00e9talonnage pour Analyseur de masse corporelle GIMA (code 27322).<br \/>\nPour des r\u00e9sultats pr\u00e9cis, l&rsquo;appareil doit \u00eatre \u00e9talonn\u00e9 r\u00e9guli\u00e8rement.<\/p>\n","protected":false},"featured_media":37846,"template":"","meta":{"_acf_changed":false},"product_brand":[],"product_cat":[946,1176],"product_tag":[],"class_list":{"0":"post-37852","1":"product","2":"type-product","3":"status-publish","4":"has-post-thumbnail","6":"product_cat-balance-et-le-compteur-medical","7":"product_cat-compteurs-de-masse-grasse-et-plicometres","9":"first","10":"onbackorder","11":"taxable","12":"shipping-taxable","13":"purchasable","14":"product-type-simple"},"acf":{"fornitore":"GIMA","standard_accessori":"","unita_misura":"1 pz."},"_links":{"self":[{"href":"https:\/\/chmedica.ch\/fr\/wp-json\/wp\/v2\/product\/37852","targetHints":{"allow":["GET"]}}],"collection":[{"href":"https:\/\/chmedica.ch\/fr\/wp-json\/wp\/v2\/product"}],"about":[{"href":"https:\/\/chmedica.ch\/fr\/wp-json\/wp\/v2\/types\/product"}],"wp:featuredmedia":[{"embeddable":true,"href":"https:\/\/chmedica.ch\/fr\/wp-json\/wp\/v2\/media\/37846"}],"wp:attachment":[{"href":"https:\/\/chmedica.ch\/fr\/wp-json\/wp\/v2\/media?parent=37852"}],"wp:term":[{"taxonomy":"product_brand","embeddable":true,"href":"https:\/\/chmedica.ch\/fr\/wp-json\/wp\/v2\/product_brand?post=37852"},{"taxonomy":"product_cat","embeddable":true,"href":"https:\/\/chmedica.ch\/fr\/wp-json\/wp\/v2\/product_cat?post=37852"},{"taxonomy":"product_tag","embeddable":true,"href":"https:\/\/chmedica.ch\/fr\/wp-json\/wp\/v2\/product_tag?post=37852"}],"curies":[{"name":"wp","href":"https:\/\/api.w.org\/{rel}","templated":true}]}}