{"id":37789,"date":"2023-06-22T18:11:44","date_gmt":"2023-06-22T16:11:44","guid":{"rendered":"https:\/\/chmedica.ch\/prodotto\/pese-bebe-electronique-gima\/"},"modified":"2024-01-02T15:47:53","modified_gmt":"2024-01-02T14:47:53","slug":"pese-bebe-electronique-gima","status":"publish","type":"product","link":"https:\/\/chmedica.ch\/fr\/produit\/pese-bebe-electronique-gima\/","title":{"rendered":"P\u00c8SE-B\u00c9B\u00c9 \u00c9LECTRONIQUE GIMA"},"content":{"rendered":"<p>\u2022 Capacit\u00e9: 20 kg \/ 44 lbs<br \/>\n\u2022 Sensibilit\u00e9: 10 g<br \/>\n\u2022 Dimensions: 595 x 340 x h 90 mm<br \/>\n\u2022 Poids: 4 kg<br \/>\n\u2022 Piles: 4 x 1.5 V AA<br \/>\n\u2022 Fonction arr\u00eat automatique pour \u00e9conomiser les piles<\/p>\n","protected":false},"excerpt":{"rendered":"<p>Pratique, fiable et bien con\u00e7u.<\/p>\n<p>\u00c9quip\u00e9 d&rsquo;un grand \u00e9cran LCD de 66 x 28 mm et d&rsquo;un commutateur kg\/lb.<\/p>\n<p>Fourni avec toise, drap lavable et m\u00e8tre ruban.<\/p>\n<p>Manuel utilisateur multilingue et coffret cadeau en: GB, FR, IT, ES, PT, DE et Arabe.<\/p>\n","protected":false},"featured_media":37783,"template":"","meta":{"_acf_changed":false},"product_brand":[],"product_cat":[946,1080],"product_tag":[],"class_list":{"0":"post-37789","1":"product","2":"type-product","3":"status-publish","4":"has-post-thumbnail","6":"product_cat-balance-et-le-compteur-medical","7":"product_cat-pese-bebe-medical","9":"first","10":"onbackorder","11":"taxable","12":"shipping-taxable","13":"purchasable","14":"product-type-simple"},"acf":{"fornitore":"GIMA","standard_accessori":"0","unita_misura":"1 pz."},"_links":{"self":[{"href":"https:\/\/chmedica.ch\/fr\/wp-json\/wp\/v2\/product\/37789","targetHints":{"allow":["GET"]}}],"collection":[{"href":"https:\/\/chmedica.ch\/fr\/wp-json\/wp\/v2\/product"}],"about":[{"href":"https:\/\/chmedica.ch\/fr\/wp-json\/wp\/v2\/types\/product"}],"wp:featuredmedia":[{"embeddable":true,"href":"https:\/\/chmedica.ch\/fr\/wp-json\/wp\/v2\/media\/37783"}],"wp:attachment":[{"href":"https:\/\/chmedica.ch\/fr\/wp-json\/wp\/v2\/media?parent=37789"}],"wp:term":[{"taxonomy":"product_brand","embeddable":true,"href":"https:\/\/chmedica.ch\/fr\/wp-json\/wp\/v2\/product_brand?post=37789"},{"taxonomy":"product_cat","embeddable":true,"href":"https:\/\/chmedica.ch\/fr\/wp-json\/wp\/v2\/product_cat?post=37789"},{"taxonomy":"product_tag","embeddable":true,"href":"https:\/\/chmedica.ch\/fr\/wp-json\/wp\/v2\/product_tag?post=37789"}],"curies":[{"name":"wp","href":"https:\/\/api.w.org\/{rel}","templated":true}]}}